{"id":6445,"date":"2020-07-31T12:31:34","date_gmt":"2020-07-31T09:31:34","guid":{"rendered":"https:\/\/bestkitap.com\/cart\/"},"modified":"2020-08-03T00:18:20","modified_gmt":"2020-08-02T21:18:20","slug":"cart","status":"publish","type":"page","link":"https:\/\/bestkitap.com\/tr\/cart\/","title":{"rendered":"Sepet"},"content":{"rendered":"<div class=\"wpb-content-wrapper\"><p>[vc_row][vc_column][vc_column_text]<\/p>\n<p style=\"text-align: center;\">E\u011fer T\u00fcrkiye&#8217;nin en \u00e7ok satan s\u00f6zl\u00fc\u011f\u00fc <a href=\"https:\/\/bestkitap.com\/tr\/product\/best-chambers-students-dictionary\/\" target=\"_blank\" rel=\"noopener noreferrer\">Best &#8211; Chambers Students&#8217; Dictionary<\/a>&#8216;i de sepetinize &#8220;bedavakargo&#8221; kupon kodu ile eklerseniz <strong>\u00dcCRETS\u0130Z KARGO!<\/strong><\/p>\n<p>[\/vc_column_text][\/vc_column][\/vc_row][vc_row][vc_column][vc_column_text]<!-- \/wp:post-content --><\/p>\n<p style=\"text-align: center;\">E\u011fer T\u00fcrkiye&#8217;nin en \u00e7ok satan s\u00f6zl\u00fc\u011f\u00fc <a href=\"https:\/\/bestkitap.com\/tr\/product\/best-chambers-students-dictionary\/\" target=\"_blank\" rel=\"noopener noreferrer\">Best &#8211; Chambers Students&#8217; Dictionary<\/a>&#8216;i de sepetinize &#8220;bedavakargo&#8221; kupon kodu ile eklerseniz <strong>\u00dcCRETS\u0130Z KARGO!<\/strong><\/p>\n<p>[\/vc_column_text][\/vc_column][\/vc_row]<\/p>\n<!-- \/wp:freeform --><\/div>","protected":false},"excerpt":{"rendered":"<p>[vc_row][vc_column][vc_column_text] E\u011fer T\u00fcrkiye&#8217;nin en \u00e7ok satan s\u00f6zl\u00fc\u011f\u00fc Best &#8211; Chambers Students&#8217; Dictionary&#8216;i de sepetinize &#8220;bedavakargo&#8221; kupon kodu ile eklerseniz \u00dcCRETS\u0130Z KARGO! [\/vc_column_text][\/vc_column][\/vc_row][vc_row][vc_column][vc_column_text] E\u011fer T\u00fcrkiye&#8217;nin en \u00e7ok satan s\u00f6zl\u00fc\u011f\u00fc Best &#8211; Chambers Students&#8217; Dictionary&#8216;i de sepetinize &#8220;bedavakargo&#8221; kupon kodu ile eklerseniz \u00dcCRETS\u0130Z KARGO! [\/vc_column_text][\/vc_column][\/vc_row]<\/p>\n","protected":false},"author":1,"featured_media":0,"parent":0,"menu_order":0,"comment_status":"closed","ping_status":"closed","template":"","meta":{"footnotes":""},"class_list":["post-6445","page","type-page","status-publish","hentry"],"yoast_head":"<!-- This site is optimized with the Yoast SEO plugin v26.7 - https:\/\/yoast.com\/wordpress\/plugins\/seo\/ -->\n<title>Sepet - BEST PUBLISHING<\/title>\n<meta name=\"robots\" content=\"index, follow, max-snippet:-1, max-image-preview:large, max-video-preview:-1\" \/>\n<link rel=\"canonical\" href=\"https:\/\/bestkitap.com\/tr\/cart\/\" \/>\n<meta property=\"og:locale\" content=\"tr_TR\" \/>\n<meta property=\"og:type\" content=\"article\" \/>\n<meta property=\"og:title\" content=\"Sepet - BEST PUBLISHING\" \/>\n<meta property=\"og:description\" content=\"[vc_row][vc_column][vc_column_text] E\u011fer T\u00fcrkiye&#8217;nin en \u00e7ok satan s\u00f6zl\u00fc\u011f\u00fc Best &#8211; Chambers Students&#8217; Dictionary&#8216;i de sepetinize &#8220;bedavakargo&#8221; kupon kodu ile eklerseniz \u00dcCRETS\u0130Z KARGO! [\/vc_column_text][\/vc_column][\/vc_row][vc_row][vc_column][vc_column_text] E\u011fer T\u00fcrkiye&#8217;nin en \u00e7ok satan s\u00f6zl\u00fc\u011f\u00fc Best &#8211; Chambers Students&#8217; Dictionary&#8216;i de sepetinize &#8220;bedavakargo&#8221; kupon kodu ile eklerseniz \u00dcCRETS\u0130Z KARGO! [\/vc_column_text][\/vc_column][\/vc_row]\" \/>\n<meta property=\"og:url\" content=\"https:\/\/bestkitap.com\/tr\/cart\/\" \/>\n<meta property=\"og:site_name\" content=\"BEST PUBLISHING\" \/>\n<meta property=\"article:publisher\" content=\"https:\/\/www.facebook.com\/bestkitabevi\" \/>\n<meta property=\"article:modified_time\" content=\"2020-08-02T21:18:20+00:00\" \/>\n<meta name=\"twitter:card\" content=\"summary_large_image\" \/>\n<meta name=\"twitter:site\" content=\"@bestkitabevi\" \/>\n<script type=\"application\/ld+json\" class=\"yoast-schema-graph\">{\"@context\":\"https:\/\/schema.org\",\"@graph\":[{\"@type\":\"WebPage\",\"@id\":\"https:\/\/bestkitap.com\/tr\/cart\/\",\"url\":\"https:\/\/bestkitap.com\/tr\/cart\/\",\"name\":\"Sepet - BEST PUBLISHING\",\"isPartOf\":{\"@id\":\"https:\/\/bestkitap.com\/tr\/#website\"},\"datePublished\":\"2020-07-31T09:31:34+00:00\",\"dateModified\":\"2020-08-02T21:18:20+00:00\",\"breadcrumb\":{\"@id\":\"https:\/\/bestkitap.com\/tr\/cart\/#breadcrumb\"},\"inLanguage\":\"tr\",\"potentialAction\":[{\"@type\":\"ReadAction\",\"target\":[\"https:\/\/bestkitap.com\/tr\/cart\/\"]}]},{\"@type\":\"BreadcrumbList\",\"@id\":\"https:\/\/bestkitap.com\/tr\/cart\/#breadcrumb\",\"itemListElement\":[{\"@type\":\"ListItem\",\"position\":1,\"name\":\"Home\",\"item\":\"https:\/\/bestkitap.com\/tr\/\"},{\"@type\":\"ListItem\",\"position\":2,\"name\":\"Sepet\"}]},{\"@type\":\"WebSite\",\"@id\":\"https:\/\/bestkitap.com\/tr\/#website\",\"url\":\"https:\/\/bestkitap.com\/tr\/\",\"name\":\"BEST PUBLISHING\",\"description\":\"Best Kitabevi | Ingilizce Kitap\",\"publisher\":{\"@id\":\"https:\/\/bestkitap.com\/tr\/#organization\"},\"potentialAction\":[{\"@type\":\"SearchAction\",\"target\":{\"@type\":\"EntryPoint\",\"urlTemplate\":\"https:\/\/bestkitap.com\/tr\/?s={search_term_string}\"},\"query-input\":{\"@type\":\"PropertyValueSpecification\",\"valueRequired\":true,\"valueName\":\"search_term_string\"}}],\"inLanguage\":\"tr\"},{\"@type\":\"Organization\",\"@id\":\"https:\/\/bestkitap.com\/tr\/#organization\",\"name\":\"BEST PUBLISHING\",\"url\":\"https:\/\/bestkitap.com\/tr\/\",\"logo\":{\"@type\":\"ImageObject\",\"inLanguage\":\"tr\",\"@id\":\"https:\/\/bestkitap.com\/tr\/#\/schema\/logo\/image\/\",\"url\":\"https:\/\/bestkitap.com\/wp-content\/uploads\/2020\/07\/BestPublishing-Logo-1200x436-1-e1596306221301.png\",\"contentUrl\":\"https:\/\/bestkitap.com\/wp-content\/uploads\/2020\/07\/BestPublishing-Logo-1200x436-1-e1596306221301.png\",\"width\":300,\"height\":109,\"caption\":\"BEST PUBLISHING\"},\"image\":{\"@id\":\"https:\/\/bestkitap.com\/tr\/#\/schema\/logo\/image\/\"},\"sameAs\":[\"https:\/\/www.facebook.com\/bestkitabevi\",\"https:\/\/x.com\/bestkitabevi\",\"https:\/\/www.instagram.com\/bestkitabevi\/\",\"https:\/\/www.linkedin.com\/company\/bestpublishing\/\"]}]}<\/script>\n<!-- \/ Yoast SEO plugin. -->","yoast_head_json":{"title":"Sepet - BEST PUBLISHING","robots":{"index":"index","follow":"follow","max-snippet":"max-snippet:-1","max-image-preview":"max-image-preview:large","max-video-preview":"max-video-preview:-1"},"canonical":"https:\/\/bestkitap.com\/tr\/cart\/","og_locale":"tr_TR","og_type":"article","og_title":"Sepet - BEST PUBLISHING","og_description":"[vc_row][vc_column][vc_column_text] E\u011fer T\u00fcrkiye&#8217;nin en \u00e7ok satan s\u00f6zl\u00fc\u011f\u00fc Best &#8211; Chambers Students&#8217; Dictionary&#8216;i de sepetinize &#8220;bedavakargo&#8221; kupon kodu ile eklerseniz \u00dcCRETS\u0130Z KARGO! [\/vc_column_text][\/vc_column][\/vc_row][vc_row][vc_column][vc_column_text] E\u011fer T\u00fcrkiye&#8217;nin en \u00e7ok satan s\u00f6zl\u00fc\u011f\u00fc Best &#8211; Chambers Students&#8217; Dictionary&#8216;i de sepetinize &#8220;bedavakargo&#8221; kupon kodu ile eklerseniz \u00dcCRETS\u0130Z KARGO! [\/vc_column_text][\/vc_column][\/vc_row]","og_url":"https:\/\/bestkitap.com\/tr\/cart\/","og_site_name":"BEST PUBLISHING","article_publisher":"https:\/\/www.facebook.com\/bestkitabevi","article_modified_time":"2020-08-02T21:18:20+00:00","twitter_card":"summary_large_image","twitter_site":"@bestkitabevi","schema":{"@context":"https:\/\/schema.org","@graph":[{"@type":"WebPage","@id":"https:\/\/bestkitap.com\/tr\/cart\/","url":"https:\/\/bestkitap.com\/tr\/cart\/","name":"Sepet - BEST PUBLISHING","isPartOf":{"@id":"https:\/\/bestkitap.com\/tr\/#website"},"datePublished":"2020-07-31T09:31:34+00:00","dateModified":"2020-08-02T21:18:20+00:00","breadcrumb":{"@id":"https:\/\/bestkitap.com\/tr\/cart\/#breadcrumb"},"inLanguage":"tr","potentialAction":[{"@type":"ReadAction","target":["https:\/\/bestkitap.com\/tr\/cart\/"]}]},{"@type":"BreadcrumbList","@id":"https:\/\/bestkitap.com\/tr\/cart\/#breadcrumb","itemListElement":[{"@type":"ListItem","position":1,"name":"Home","item":"https:\/\/bestkitap.com\/tr\/"},{"@type":"ListItem","position":2,"name":"Sepet"}]},{"@type":"WebSite","@id":"https:\/\/bestkitap.com\/tr\/#website","url":"https:\/\/bestkitap.com\/tr\/","name":"BEST PUBLISHING","description":"Best Kitabevi | Ingilizce Kitap","publisher":{"@id":"https:\/\/bestkitap.com\/tr\/#organization"},"potentialAction":[{"@type":"SearchAction","target":{"@type":"EntryPoint","urlTemplate":"https:\/\/bestkitap.com\/tr\/?s={search_term_string}"},"query-input":{"@type":"PropertyValueSpecification","valueRequired":true,"valueName":"search_term_string"}}],"inLanguage":"tr"},{"@type":"Organization","@id":"https:\/\/bestkitap.com\/tr\/#organization","name":"BEST PUBLISHING","url":"https:\/\/bestkitap.com\/tr\/","logo":{"@type":"ImageObject","inLanguage":"tr","@id":"https:\/\/bestkitap.com\/tr\/#\/schema\/logo\/image\/","url":"https:\/\/bestkitap.com\/wp-content\/uploads\/2020\/07\/BestPublishing-Logo-1200x436-1-e1596306221301.png","contentUrl":"https:\/\/bestkitap.com\/wp-content\/uploads\/2020\/07\/BestPublishing-Logo-1200x436-1-e1596306221301.png","width":300,"height":109,"caption":"BEST PUBLISHING"},"image":{"@id":"https:\/\/bestkitap.com\/tr\/#\/schema\/logo\/image\/"},"sameAs":["https:\/\/www.facebook.com\/bestkitabevi","https:\/\/x.com\/bestkitabevi","https:\/\/www.instagram.com\/bestkitabevi\/","https:\/\/www.linkedin.com\/company\/bestpublishing\/"]}]}},"_links":{"self":[{"href":"https:\/\/bestkitap.com\/tr\/wp-json\/wp\/v2\/pages\/6445","targetHints":{"allow":["GET"]}}],"collection":[{"href":"https:\/\/bestkitap.com\/tr\/wp-json\/wp\/v2\/pages"}],"about":[{"href":"https:\/\/bestkitap.com\/tr\/wp-json\/wp\/v2\/types\/page"}],"author":[{"embeddable":true,"href":"https:\/\/bestkitap.com\/tr\/wp-json\/wp\/v2\/users\/1"}],"replies":[{"embeddable":true,"href":"https:\/\/bestkitap.com\/tr\/wp-json\/wp\/v2\/comments?post=6445"}],"version-history":[{"count":5,"href":"https:\/\/bestkitap.com\/tr\/wp-json\/wp\/v2\/pages\/6445\/revisions"}],"predecessor-version":[{"id":6926,"href":"https:\/\/bestkitap.com\/tr\/wp-json\/wp\/v2\/pages\/6445\/revisions\/6926"}],"wp:attachment":[{"href":"https:\/\/bestkitap.com\/tr\/wp-json\/wp\/v2\/media?parent=6445"}],"curies":[{"name":"wp","href":"https:\/\/api.w.org\/{rel}","templated":true}]}}