{"id":6784,"date":"2020-07-16T05:24:49","date_gmt":"2020-07-16T02:24:49","guid":{"rendered":"https:\/\/bestkitap.com\/catalogue\/others\/teacher-support\/"},"modified":"2020-08-01T13:21:05","modified_gmt":"2020-08-01T10:21:05","slug":"teacher-support","status":"publish","type":"page","link":"https:\/\/bestkitap.com\/tr\/catalogue\/others\/teacher-support\/","title":{"rendered":"\u00d6\u011eRETMEN DESTE\u011e\u0130"},"content":{"rendered":"<div class=\"wpb-content-wrapper\"><p>[vc_row wrap_container=&#8221;yes&#8221; css=&#8221;.vc_custom_1556575220120{padding-top: 90px !important;}&#8221;][vc_column offset=&#8221;vc_col-lg-offset-2 vc_col-lg-8 vc_col-md-offset-1 vc_col-md-10&#8243;][vc_custom_heading text=&#8221;<strong><em>Best <\/em> Teacher Support<\/strong>&#8221; font_container=&#8221;tag:h2|font_size:48|text_align:center|line_height:58px&#8221; use_theme_fonts=&#8221;yes&#8221; css_animation=&#8221;none&#8221; el_class=&#8221;mb-lg-0&#8243;][\/vc_column][\/vc_row][vc_row css=&#8221;.vc_custom_1491318124940{margin-top: 20px !important;}&#8221;][vc_column][vc_separator color=&#8221;custom&#8221; style=&#8221;solid&#8221; accent_color=&#8221;#efecec&#8221;][\/vc_column][\/vc_row][vc_row][vc_column][vc_single_image image=&#8221;3160&#8243; img_size=&#8221;full&#8221; label=&#8221;&#8221;][\/vc_column][\/vc_row][vc_row css=&#8221;.vc_custom_1491318124940{margin-top: 20px !important;}&#8221;][vc_column][vc_separator color=&#8221;custom&#8221; style=&#8221;solid&#8221; accent_color=&#8221;#efecec&#8221;][\/vc_column][\/vc_row][vc_row full_width=&#8221;stretch_row&#8221; wrap_container=&#8221;yes&#8221; is_section=&#8221;yes&#8221; remove_margin_top=&#8221;yes&#8221; remove_margin_bottom=&#8221;yes&#8221; remove_border=&#8221;yes&#8221; css=&#8221;.vc_custom_1595372302626{background-color: #fff3f2 !important;}&#8221;][vc_column width=&#8221;1\/3&#8243;][vc_custom_heading text=&#8221;<strong>Back to <em>Catalogue<\/em> Page.<\/strong>&#8221; font_container=&#8221;tag:h2|font_size:48|text_align:left|line_height:58px&#8221; use_theme_fonts=&#8221;yes&#8221; css_animation=&#8221;none&#8221; el_class=&#8221;mb-lg-0&#8243;][vc_separator][vc_btn title=&#8221;Catalogue&#8221; style=&#8221;outline&#8221; shape=&#8221;round&#8221; align=&#8221;center&#8221; skin=&#8221;primary&#8221; btn_arrow=&#8221;yes&#8221; link=&#8221;url:%2F%3Fpage_id%3D2533|title:CATALOGUE|&#8221; el_class=&#8221;mb-0&#8243;][\/vc_column][vc_column width=&#8221;1\/3&#8243;][vc_custom_heading text=&#8221;<strong>Back to <em>Others<\/em> Page.<\/strong>&#8221; font_container=&#8221;tag:h2|font_size:48|text_align:left|line_height:58px&#8221; use_theme_fonts=&#8221;yes&#8221; css_animation=&#8221;none&#8221; el_class=&#8221;mb-lg-0&#8243;][vc_separator][vc_single_image image=&#8221;3184&#8243; img_size=&#8221;150&#215;90&#8243; alignment=&#8221;center&#8221;][vc_btn title=&#8221;Other Books&#8221; style=&#8221;outline&#8221; shape=&#8221;round&#8221; align=&#8221;center&#8221; skin=&#8221;primary&#8221; btn_arrow=&#8221;yes&#8221; link=&#8221;url:%2F%3Fpage_id%3D2826|title:OTHERS|&#8221; el_class=&#8221;mb-0&#8243;][\/vc_column][vc_column width=&#8221;1\/3&#8243;][vc_custom_heading text=&#8221;<strong>Go to <em>Shopping<\/em> Page.<\/strong>&#8221; font_container=&#8221;tag:h2|font_size:48|text_align:left|line_height:58px&#8221; use_theme_fonts=&#8221;yes&#8221; css_animation=&#8221;none&#8221; el_class=&#8221;mb-lg-0&#8243;][vc_separator][vc_btn title=&#8221;Shop Now!&#8221; style=&#8221;outline&#8221; shape=&#8221;round&#8221; align=&#8221;center&#8221; skin=&#8221;primary&#8221; btn_arrow=&#8221;yes&#8221; link=&#8221;url:https%3A%2F%2Fbestkitap.com%2Fshop%2F|title:SHOP|&#8221; el_class=&#8221;mb-0&#8243;][\/vc_column][\/vc_row]<\/p>\n<\/div>","protected":false},"excerpt":{"rendered":"<p>[vc_row wrap_container=&#8221;yes&#8221; css=&#8221;.vc_custom_1556575220120{padding-top: 90px !important;}&#8221;][vc_column offset=&#8221;vc_col-lg-offset-2 vc_col-lg-8 vc_col-md-offset-1 vc_col-md-10&#8243;][vc_custom_heading text=&#8221;Best Teacher Support&#8221; font_container=&#8221;tag:h2|font_size:48|text_align:center|line_height:58px&#8221; use_theme_fonts=&#8221;yes&#8221; css_animation=&#8221;none&#8221; el_class=&#8221;mb-lg-0&#8243;][\/vc_column][\/vc_row][vc_row css=&#8221;.vc_custom_1491318124940{margin-top: 20px !important;}&#8221;][vc_column][vc_separator color=&#8221;custom&#8221; style=&#8221;solid&#8221; accent_color=&#8221;#efecec&#8221;][\/vc_column][\/vc_row][vc_row][vc_column][vc_single_image image=&#8221;3160&#8243; img_size=&#8221;full&#8221; label=&#8221;&#8221;][\/vc_column][\/vc_row][vc_row css=&#8221;.vc_custom_1491318124940{margin-top: 20px !important;}&#8221;][vc_column][vc_separator color=&#8221;custom&#8221; style=&#8221;solid&#8221; accent_color=&#8221;#efecec&#8221;][\/vc_column][\/vc_row][vc_row full_width=&#8221;stretch_row&#8221; wrap_container=&#8221;yes&#8221; is_section=&#8221;yes&#8221; remove_margin_top=&#8221;yes&#8221; remove_margin_bottom=&#8221;yes&#8221; remove_border=&#8221;yes&#8221; css=&#8221;.vc_custom_1595372302626{background-color: #fff3f2 !important;}&#8221;][vc_column width=&#8221;1\/3&#8243;][vc_custom_heading text=&#8221;Back to Catalogue Page.&#8221; font_container=&#8221;tag:h2|font_size:48|text_align:left|line_height:58px&#8221; use_theme_fonts=&#8221;yes&#8221; css_animation=&#8221;none&#8221; el_class=&#8221;mb-lg-0&#8243;][vc_separator][vc_btn title=&#8221;Catalogue&#8221; style=&#8221;outline&#8221; shape=&#8221;round&#8221; align=&#8221;center&#8221; skin=&#8221;primary&#8221; btn_arrow=&#8221;yes&#8221; [&hellip;]<\/p>\n","protected":false},"author":1,"featured_media":0,"parent":6774,"menu_order":0,"comment_status":"closed","ping_status":"closed","template":"","meta":{"footnotes":""},"class_list":["post-6784","page","type-page","status-publish","hentry"],"yoast_head":"<!-- This site is optimized with the Yoast SEO plugin v26.7 - https:\/\/yoast.com\/wordpress\/plugins\/seo\/ -->\n<title>\u00d6\u011eRETMEN DESTE\u011e\u0130 - BEST PUBLISHING<\/title>\n<meta name=\"robots\" content=\"index, follow, max-snippet:-1, max-image-preview:large, max-video-preview:-1\" \/>\n<link rel=\"canonical\" href=\"https:\/\/bestkitap.com\/tr\/catalogue\/others\/teacher-support\/\" \/>\n<meta property=\"og:locale\" content=\"tr_TR\" \/>\n<meta property=\"og:type\" content=\"article\" \/>\n<meta property=\"og:title\" content=\"\u00d6\u011eRETMEN DESTE\u011e\u0130 - BEST PUBLISHING\" \/>\n<meta property=\"og:description\" content=\"[vc_row wrap_container=&#8221;yes&#8221; css=&#8221;.vc_custom_1556575220120{padding-top: 90px !important;}&#8221;][vc_column offset=&#8221;vc_col-lg-offset-2 vc_col-lg-8 vc_col-md-offset-1 vc_col-md-10&#8243;][vc_custom_heading text=&#8221;Best Teacher Support&#8221; font_container=&#8221;tag:h2|font_size:48|text_align:center|line_height:58px&#8221; use_theme_fonts=&#8221;yes&#8221; css_animation=&#8221;none&#8221; el_class=&#8221;mb-lg-0&#8243;][\/vc_column][\/vc_row][vc_row css=&#8221;.vc_custom_1491318124940{margin-top: 20px !important;}&#8221;][vc_column][vc_separator color=&#8221;custom&#8221; style=&#8221;solid&#8221; accent_color=&#8221;#efecec&#8221;][\/vc_column][\/vc_row][vc_row][vc_column][vc_single_image image=&#8221;3160&#8243; img_size=&#8221;full&#8221; label=&#8221;&#8221;][\/vc_column][\/vc_row][vc_row css=&#8221;.vc_custom_1491318124940{margin-top: 20px !important;}&#8221;][vc_column][vc_separator color=&#8221;custom&#8221; style=&#8221;solid&#8221; accent_color=&#8221;#efecec&#8221;][\/vc_column][\/vc_row][vc_row full_width=&#8221;stretch_row&#8221; wrap_container=&#8221;yes&#8221; is_section=&#8221;yes&#8221; remove_margin_top=&#8221;yes&#8221; remove_margin_bottom=&#8221;yes&#8221; remove_border=&#8221;yes&#8221; css=&#8221;.vc_custom_1595372302626{background-color: #fff3f2 !important;}&#8221;][vc_column width=&#8221;1\/3&#8243;][vc_custom_heading text=&#8221;Back to Catalogue Page.&#8221; font_container=&#8221;tag:h2|font_size:48|text_align:left|line_height:58px&#8221; use_theme_fonts=&#8221;yes&#8221; css_animation=&#8221;none&#8221; el_class=&#8221;mb-lg-0&#8243;][vc_separator][vc_btn title=&#8221;Catalogue&#8221; style=&#8221;outline&#8221; shape=&#8221;round&#8221; align=&#8221;center&#8221; skin=&#8221;primary&#8221; btn_arrow=&#8221;yes&#8221; [&hellip;]\" \/>\n<meta property=\"og:url\" content=\"https:\/\/bestkitap.com\/tr\/catalogue\/others\/teacher-support\/\" \/>\n<meta property=\"og:site_name\" content=\"BEST PUBLISHING\" \/>\n<meta property=\"article:publisher\" content=\"https:\/\/www.facebook.com\/bestkitabevi\" \/>\n<meta property=\"article:modified_time\" content=\"2020-08-01T10:21:05+00:00\" \/>\n<meta name=\"twitter:card\" content=\"summary_large_image\" \/>\n<meta name=\"twitter:site\" content=\"@bestkitabevi\" \/>\n<meta name=\"twitter:label1\" content=\"Tahmini okuma s\u00fcresi\" \/>\n\t<meta name=\"twitter:data1\" content=\"2 dakika\" \/>\n<script type=\"application\/ld+json\" class=\"yoast-schema-graph\">{\"@context\":\"https:\/\/schema.org\",\"@graph\":[{\"@type\":\"WebPage\",\"@id\":\"https:\/\/bestkitap.com\/tr\/catalogue\/others\/teacher-support\/\",\"url\":\"https:\/\/bestkitap.com\/tr\/catalogue\/others\/teacher-support\/\",\"name\":\"\u00d6\u011eRETMEN DESTE\u011e\u0130 - BEST PUBLISHING\",\"isPartOf\":{\"@id\":\"https:\/\/bestkitap.com\/tr\/#website\"},\"datePublished\":\"2020-07-16T02:24:49+00:00\",\"dateModified\":\"2020-08-01T10:21:05+00:00\",\"breadcrumb\":{\"@id\":\"https:\/\/bestkitap.com\/tr\/catalogue\/others\/teacher-support\/#breadcrumb\"},\"inLanguage\":\"tr\",\"potentialAction\":[{\"@type\":\"ReadAction\",\"target\":[\"https:\/\/bestkitap.com\/tr\/catalogue\/others\/teacher-support\/\"]}]},{\"@type\":\"BreadcrumbList\",\"@id\":\"https:\/\/bestkitap.com\/tr\/catalogue\/others\/teacher-support\/#breadcrumb\",\"itemListElement\":[{\"@type\":\"ListItem\",\"position\":1,\"name\":\"Home\",\"item\":\"https:\/\/bestkitap.com\/tr\/\"},{\"@type\":\"ListItem\",\"position\":2,\"name\":\"KATALOG\",\"item\":\"https:\/\/bestkitap.com\/tr\/catalogue\/\"},{\"@type\":\"ListItem\",\"position\":3,\"name\":\"D\u0130\u011eERLER\u0130\",\"item\":\"https:\/\/bestkitap.com\/tr\/catalogue\/others\/\"},{\"@type\":\"ListItem\",\"position\":4,\"name\":\"\u00d6\u011eRETMEN DESTE\u011e\u0130\"}]},{\"@type\":\"WebSite\",\"@id\":\"https:\/\/bestkitap.com\/tr\/#website\",\"url\":\"https:\/\/bestkitap.com\/tr\/\",\"name\":\"BEST PUBLISHING\",\"description\":\"Best Kitabevi | Ingilizce Kitap\",\"publisher\":{\"@id\":\"https:\/\/bestkitap.com\/tr\/#organization\"},\"potentialAction\":[{\"@type\":\"SearchAction\",\"target\":{\"@type\":\"EntryPoint\",\"urlTemplate\":\"https:\/\/bestkitap.com\/tr\/?s={search_term_string}\"},\"query-input\":{\"@type\":\"PropertyValueSpecification\",\"valueRequired\":true,\"valueName\":\"search_term_string\"}}],\"inLanguage\":\"tr\"},{\"@type\":\"Organization\",\"@id\":\"https:\/\/bestkitap.com\/tr\/#organization\",\"name\":\"BEST PUBLISHING\",\"url\":\"https:\/\/bestkitap.com\/tr\/\",\"logo\":{\"@type\":\"ImageObject\",\"inLanguage\":\"tr\",\"@id\":\"https:\/\/bestkitap.com\/tr\/#\/schema\/logo\/image\/\",\"url\":\"https:\/\/bestkitap.com\/wp-content\/uploads\/2020\/07\/BestPublishing-Logo-1200x436-1-e1596306221301.png\",\"contentUrl\":\"https:\/\/bestkitap.com\/wp-content\/uploads\/2020\/07\/BestPublishing-Logo-1200x436-1-e1596306221301.png\",\"width\":300,\"height\":109,\"caption\":\"BEST PUBLISHING\"},\"image\":{\"@id\":\"https:\/\/bestkitap.com\/tr\/#\/schema\/logo\/image\/\"},\"sameAs\":[\"https:\/\/www.facebook.com\/bestkitabevi\",\"https:\/\/x.com\/bestkitabevi\",\"https:\/\/www.instagram.com\/bestkitabevi\/\",\"https:\/\/www.linkedin.com\/company\/bestpublishing\/\"]}]}<\/script>\n<!-- \/ Yoast SEO plugin. -->","yoast_head_json":{"title":"\u00d6\u011eRETMEN DESTE\u011e\u0130 - BEST PUBLISHING","robots":{"index":"index","follow":"follow","max-snippet":"max-snippet:-1","max-image-preview":"max-image-preview:large","max-video-preview":"max-video-preview:-1"},"canonical":"https:\/\/bestkitap.com\/tr\/catalogue\/others\/teacher-support\/","og_locale":"tr_TR","og_type":"article","og_title":"\u00d6\u011eRETMEN DESTE\u011e\u0130 - BEST PUBLISHING","og_description":"[vc_row wrap_container=&#8221;yes&#8221; css=&#8221;.vc_custom_1556575220120{padding-top: 90px !important;}&#8221;][vc_column offset=&#8221;vc_col-lg-offset-2 vc_col-lg-8 vc_col-md-offset-1 vc_col-md-10&#8243;][vc_custom_heading text=&#8221;Best Teacher Support&#8221; font_container=&#8221;tag:h2|font_size:48|text_align:center|line_height:58px&#8221; use_theme_fonts=&#8221;yes&#8221; css_animation=&#8221;none&#8221; el_class=&#8221;mb-lg-0&#8243;][\/vc_column][\/vc_row][vc_row css=&#8221;.vc_custom_1491318124940{margin-top: 20px !important;}&#8221;][vc_column][vc_separator color=&#8221;custom&#8221; style=&#8221;solid&#8221; accent_color=&#8221;#efecec&#8221;][\/vc_column][\/vc_row][vc_row][vc_column][vc_single_image image=&#8221;3160&#8243; img_size=&#8221;full&#8221; label=&#8221;&#8221;][\/vc_column][\/vc_row][vc_row css=&#8221;.vc_custom_1491318124940{margin-top: 20px !important;}&#8221;][vc_column][vc_separator color=&#8221;custom&#8221; style=&#8221;solid&#8221; accent_color=&#8221;#efecec&#8221;][\/vc_column][\/vc_row][vc_row full_width=&#8221;stretch_row&#8221; wrap_container=&#8221;yes&#8221; is_section=&#8221;yes&#8221; remove_margin_top=&#8221;yes&#8221; remove_margin_bottom=&#8221;yes&#8221; remove_border=&#8221;yes&#8221; css=&#8221;.vc_custom_1595372302626{background-color: #fff3f2 !important;}&#8221;][vc_column width=&#8221;1\/3&#8243;][vc_custom_heading text=&#8221;Back to Catalogue Page.&#8221; font_container=&#8221;tag:h2|font_size:48|text_align:left|line_height:58px&#8221; use_theme_fonts=&#8221;yes&#8221; css_animation=&#8221;none&#8221; el_class=&#8221;mb-lg-0&#8243;][vc_separator][vc_btn title=&#8221;Catalogue&#8221; style=&#8221;outline&#8221; shape=&#8221;round&#8221; align=&#8221;center&#8221; skin=&#8221;primary&#8221; btn_arrow=&#8221;yes&#8221; [&hellip;]","og_url":"https:\/\/bestkitap.com\/tr\/catalogue\/others\/teacher-support\/","og_site_name":"BEST PUBLISHING","article_publisher":"https:\/\/www.facebook.com\/bestkitabevi","article_modified_time":"2020-08-01T10:21:05+00:00","twitter_card":"summary_large_image","twitter_site":"@bestkitabevi","twitter_misc":{"Tahmini okuma s\u00fcresi":"2 dakika"},"schema":{"@context":"https:\/\/schema.org","@graph":[{"@type":"WebPage","@id":"https:\/\/bestkitap.com\/tr\/catalogue\/others\/teacher-support\/","url":"https:\/\/bestkitap.com\/tr\/catalogue\/others\/teacher-support\/","name":"\u00d6\u011eRETMEN DESTE\u011e\u0130 - BEST PUBLISHING","isPartOf":{"@id":"https:\/\/bestkitap.com\/tr\/#website"},"datePublished":"2020-07-16T02:24:49+00:00","dateModified":"2020-08-01T10:21:05+00:00","breadcrumb":{"@id":"https:\/\/bestkitap.com\/tr\/catalogue\/others\/teacher-support\/#breadcrumb"},"inLanguage":"tr","potentialAction":[{"@type":"ReadAction","target":["https:\/\/bestkitap.com\/tr\/catalogue\/others\/teacher-support\/"]}]},{"@type":"BreadcrumbList","@id":"https:\/\/bestkitap.com\/tr\/catalogue\/others\/teacher-support\/#breadcrumb","itemListElement":[{"@type":"ListItem","position":1,"name":"Home","item":"https:\/\/bestkitap.com\/tr\/"},{"@type":"ListItem","position":2,"name":"KATALOG","item":"https:\/\/bestkitap.com\/tr\/catalogue\/"},{"@type":"ListItem","position":3,"name":"D\u0130\u011eERLER\u0130","item":"https:\/\/bestkitap.com\/tr\/catalogue\/others\/"},{"@type":"ListItem","position":4,"name":"\u00d6\u011eRETMEN DESTE\u011e\u0130"}]},{"@type":"WebSite","@id":"https:\/\/bestkitap.com\/tr\/#website","url":"https:\/\/bestkitap.com\/tr\/","name":"BEST PUBLISHING","description":"Best Kitabevi | Ingilizce Kitap","publisher":{"@id":"https:\/\/bestkitap.com\/tr\/#organization"},"potentialAction":[{"@type":"SearchAction","target":{"@type":"EntryPoint","urlTemplate":"https:\/\/bestkitap.com\/tr\/?s={search_term_string}"},"query-input":{"@type":"PropertyValueSpecification","valueRequired":true,"valueName":"search_term_string"}}],"inLanguage":"tr"},{"@type":"Organization","@id":"https:\/\/bestkitap.com\/tr\/#organization","name":"BEST PUBLISHING","url":"https:\/\/bestkitap.com\/tr\/","logo":{"@type":"ImageObject","inLanguage":"tr","@id":"https:\/\/bestkitap.com\/tr\/#\/schema\/logo\/image\/","url":"https:\/\/bestkitap.com\/wp-content\/uploads\/2020\/07\/BestPublishing-Logo-1200x436-1-e1596306221301.png","contentUrl":"https:\/\/bestkitap.com\/wp-content\/uploads\/2020\/07\/BestPublishing-Logo-1200x436-1-e1596306221301.png","width":300,"height":109,"caption":"BEST PUBLISHING"},"image":{"@id":"https:\/\/bestkitap.com\/tr\/#\/schema\/logo\/image\/"},"sameAs":["https:\/\/www.facebook.com\/bestkitabevi","https:\/\/x.com\/bestkitabevi","https:\/\/www.instagram.com\/bestkitabevi\/","https:\/\/www.linkedin.com\/company\/bestpublishing\/"]}]}},"_links":{"self":[{"href":"https:\/\/bestkitap.com\/tr\/wp-json\/wp\/v2\/pages\/6784","targetHints":{"allow":["GET"]}}],"collection":[{"href":"https:\/\/bestkitap.com\/tr\/wp-json\/wp\/v2\/pages"}],"about":[{"href":"https:\/\/bestkitap.com\/tr\/wp-json\/wp\/v2\/types\/page"}],"author":[{"embeddable":true,"href":"https:\/\/bestkitap.com\/tr\/wp-json\/wp\/v2\/users\/1"}],"replies":[{"embeddable":true,"href":"https:\/\/bestkitap.com\/tr\/wp-json\/wp\/v2\/comments?post=6784"}],"version-history":[{"count":5,"href":"https:\/\/bestkitap.com\/tr\/wp-json\/wp\/v2\/pages\/6784\/revisions"}],"predecessor-version":[{"id":6789,"href":"https:\/\/bestkitap.com\/tr\/wp-json\/wp\/v2\/pages\/6784\/revisions\/6789"}],"up":[{"embeddable":true,"href":"https:\/\/bestkitap.com\/tr\/wp-json\/wp\/v2\/pages\/6774"}],"wp:attachment":[{"href":"https:\/\/bestkitap.com\/tr\/wp-json\/wp\/v2\/media?parent=6784"}],"curies":[{"name":"wp","href":"https:\/\/api.w.org\/{rel}","templated":true}]}}