{"id":6822,"date":"2020-07-27T00:49:19","date_gmt":"2020-07-26T21:49:19","guid":{"rendered":"https:\/\/bestkitap.com\/wishlist\/"},"modified":"2020-08-01T13:42:25","modified_gmt":"2020-08-01T10:42:25","slug":"wishlist","status":"publish","type":"page","link":"https:\/\/bestkitap.com\/tr\/wishlist\/","title":{"rendered":"Favorilerim"},"content":{"rendered":"\n\n\n\n<form\n\tid=\"yith-wcwl-form\"\n\taction=\"https:\/\/bestkitap.com\/tr\/wishlist\/\"\n\tmethod=\"post\"\n\tclass=\"woocommerce yith-wcwl-form wishlist-fragment\"\n\tdata-fragment-options=\"{&quot;per_page&quot;:5,&quot;current_page&quot;:1,&quot;pagination&quot;:&quot;no&quot;,&quot;wishlist_id&quot;:false,&quot;action_params&quot;:false,&quot;no_interactions&quot;:false,&quot;layout&quot;:&quot;&quot;,&quot;wishlist&quot;:false,&quot;is_default&quot;:true,&quot;is_custom_list&quot;:false,&quot;wishlist_token&quot;:&quot;&quot;,&quot;is_private&quot;:false,&quot;count&quot;:0,&quot;page_title&quot;:&quot;Favorilerim&quot;,&quot;default_wishlsit_title&quot;:&quot;Favorilerim&quot;,&quot;page_links&quot;:false,&quot;is_user_logged_in&quot;:false,&quot;is_user_owner&quot;:true,&quot;can_user_edit_title&quot;:false,&quot;show_price&quot;:true,&quot;show_dateadded&quot;:true,&quot;show_stock_status&quot;:false,&quot;show_add_to_cart&quot;:true,&quot;show_remove_product&quot;:true,&quot;add_to_cart_text&quot;:&quot;Sepete Ekle&quot;,&quot;show_ask_estimate_button&quot;:false,&quot;ask_estimate_url&quot;:&quot;&quot;,&quot;price_excl_tax&quot;:true,&quot;show_cb&quot;:false,&quot;show_quantity&quot;:false,&quot;show_variation&quot;:false,&quot;show_price_variations&quot;:false,&quot;show_update&quot;:false,&quot;enable_drag_n_drop&quot;:false,&quot;enable_add_all_to_cart&quot;:false,&quot;move_to_another_wishlist&quot;:false,&quot;repeat_remove_button&quot;:false,&quot;show_last_column&quot;:true,&quot;heading_icon&quot;:&quot;&lt;i class=\\&quot;fa heart-outline\\&quot;&gt;&lt;\\\/i&gt;&quot;,&quot;share_enabled&quot;:false,&quot;template_part&quot;:&quot;view&quot;,&quot;additional_info&quot;:false,&quot;available_multi_wishlist&quot;:false,&quot;form_action&quot;:&quot;https:\\\/\\\/bestkitap.com\\\/tr\\\/wishlist\\\/&quot;,&quot;item&quot;:&quot;wishlist&quot;}\"\n>\n\n\t<!-- TITLE -->\n\t<div class=\"align-left mt-3\"><div class=\"box-content\">\t\t<div class=\"wishlist-title-container\">\n\t\t\t<div class=\"wishlist-title \">\n\t\t\t\t<h2>Favorilerim<\/h2>\t\t\t\t\t\t\t<\/div>\n\t\t\t\t\t<\/div>\n\t\n\r\n<!-- WISHLIST TABLE -->\r\n<table class=\"shop_table cart wishlist_table wishlist_view traditional responsive \" data-pagination=\"no\" data-per-page=\"5\" data-page=\"1\" data-id=\"\" data-token=\"\">\r\n\r\n\t\r\n\t<thead class=\"d-none\">\r\n\t<tr>\r\n\t\t\r\n\t\t\t\t\r\n\t\t<th class=\"product-thumbnail\"><\/th>\r\n\r\n\t\t<th class=\"product-name\">\r\n\t\t\t<span class=\"nobr\">\r\n\t\t\t\t\u00dcr\u00fcn\t\t\t<\/span>\r\n\t\t<\/th>\r\n\r\n\t\t\t\t\t<th class=\"product-price\">\r\n\t\t\t\t<span class=\"nobr\">\r\n\t\t\t\t\tFiyat\t\t\t\t<\/span>\r\n\t\t\t<\/th>\r\n\t\t\r\n\t\t\r\n\t\t\r\n\t\t\t\t\t<th class=\"product-add-to-cart\">\r\n\t\t\t\t<span class=\"nobr\">\r\n\t\t\t\t\tEylemler\t\t\t\t<\/span>\r\n\t\t\t<\/th>\r\n\t\t\r\n\t\t\t<\/tr>\r\n\t<\/thead>\r\n\r\n\t<tbody class=\"wishlist-items-wrapper\">\r\n\t\t\t<tr class=\"border-0 py-0\">\r\n\t\t\t<td colspan=\"5\" class=\"px-3 py-4 text-center\"><i class=\"far fa-heart wishlist-empty\"><\/i><\/td>\r\n\t\t<\/tr>\r\n\t\t<tr class=\"border-0 py-0\">\r\n\t\t\t<td colspan=\"5\" class=\"px-3 py-2 wishlist-empty\">No products added to the wishlist<\/td>\r\n\t\t<\/tr>\r\n\t\t<tr class=\"border-0 py-0\">\r\n\t\t\t<td colspan=\"5\" class=\"px-3 text-center\">\r\n\t\t\t\t<a class=\"woocommerce-Button button btn-v-dark btn-go-shop\" href=\"https:\/\/bestkitap.com\/tr\/shop\/\">\r\n\t\t\t\t\tAl\u0131\u015fveri\u015fe git\t\t\t\t<\/a>\r\n\t\t\t<\/td>\r\n\t\t<\/tr>\r\n\t\t\t<\/tbody>\r\n\r\n<\/table>\r\n\n<div class=\"yith_wcwl_wishlist_footer\">\n\t\n\n\t\n\n\t\n\t<\/div>\n\n<input type=\"hidden\" id=\"yith_wcwl_edit_wishlist\" name=\"yith_wcwl_edit_wishlist\" value=\"c421fb240c\" \/><input type=\"hidden\" name=\"_wp_http_referer\" value=\"\/tr\/wp-json\/wp\/v2\/pages\/6822\" \/><input type=\"hidden\" value=\"\" name=\"wishlist_id\" id=\"wishlist_id\">\n\n<\/div><\/div>\n<\/form>\n\n\n\n\n","protected":false},"excerpt":{"rendered":"Favorilerim \u00dcr\u00fcn Fiyat Eylemler No products added to the wishlist Al\u0131\u015fveri\u015fe git","protected":false},"author":1,"featured_media":0,"parent":0,"menu_order":0,"comment_status":"closed","ping_status":"closed","template":"","meta":{"footnotes":""},"class_list":["post-6822","page","type-page","status-publish","hentry"],"yoast_head":"<!-- This site is optimized with the Yoast SEO plugin v26.7 - https:\/\/yoast.com\/wordpress\/plugins\/seo\/ -->\n<title>Favorilerim - BEST PUBLISHING<\/title>\n<meta name=\"robots\" content=\"index, follow, max-snippet:-1, max-image-preview:large, max-video-preview:-1\" \/>\n<link rel=\"canonical\" href=\"https:\/\/bestkitap.com\/tr\/wishlist\/\" \/>\n<meta property=\"og:locale\" content=\"tr_TR\" \/>\n<meta property=\"og:type\" content=\"article\" \/>\n<meta property=\"og:title\" content=\"Favorilerim - BEST PUBLISHING\" \/>\n<meta property=\"og:url\" content=\"https:\/\/bestkitap.com\/tr\/wishlist\/\" \/>\n<meta property=\"og:site_name\" content=\"BEST PUBLISHING\" \/>\n<meta property=\"article:publisher\" content=\"https:\/\/www.facebook.com\/bestkitabevi\" \/>\n<meta property=\"article:modified_time\" content=\"2020-08-01T10:42:25+00:00\" \/>\n<meta name=\"twitter:card\" content=\"summary_large_image\" \/>\n<meta name=\"twitter:site\" content=\"@bestkitabevi\" \/>\n<script type=\"application\/ld+json\" class=\"yoast-schema-graph\">{\"@context\":\"https:\/\/schema.org\",\"@graph\":[{\"@type\":\"WebPage\",\"@id\":\"https:\/\/bestkitap.com\/tr\/wishlist\/\",\"url\":\"https:\/\/bestkitap.com\/tr\/wishlist\/\",\"name\":\"Favorilerim - BEST PUBLISHING\",\"isPartOf\":{\"@id\":\"https:\/\/bestkitap.com\/tr\/#website\"},\"datePublished\":\"2020-07-26T21:49:19+00:00\",\"dateModified\":\"2020-08-01T10:42:25+00:00\",\"breadcrumb\":{\"@id\":\"https:\/\/bestkitap.com\/tr\/wishlist\/#breadcrumb\"},\"inLanguage\":\"tr\",\"potentialAction\":[{\"@type\":\"ReadAction\",\"target\":[\"https:\/\/bestkitap.com\/tr\/wishlist\/\"]}]},{\"@type\":\"BreadcrumbList\",\"@id\":\"https:\/\/bestkitap.com\/tr\/wishlist\/#breadcrumb\",\"itemListElement\":[{\"@type\":\"ListItem\",\"position\":1,\"name\":\"Home\",\"item\":\"https:\/\/bestkitap.com\/tr\/\"},{\"@type\":\"ListItem\",\"position\":2,\"name\":\"Favorilerim\"}]},{\"@type\":\"WebSite\",\"@id\":\"https:\/\/bestkitap.com\/tr\/#website\",\"url\":\"https:\/\/bestkitap.com\/tr\/\",\"name\":\"BEST PUBLISHING\",\"description\":\"Best Kitabevi | Ingilizce Kitap\",\"publisher\":{\"@id\":\"https:\/\/bestkitap.com\/tr\/#organization\"},\"potentialAction\":[{\"@type\":\"SearchAction\",\"target\":{\"@type\":\"EntryPoint\",\"urlTemplate\":\"https:\/\/bestkitap.com\/tr\/?s={search_term_string}\"},\"query-input\":{\"@type\":\"PropertyValueSpecification\",\"valueRequired\":true,\"valueName\":\"search_term_string\"}}],\"inLanguage\":\"tr\"},{\"@type\":\"Organization\",\"@id\":\"https:\/\/bestkitap.com\/tr\/#organization\",\"name\":\"BEST PUBLISHING\",\"url\":\"https:\/\/bestkitap.com\/tr\/\",\"logo\":{\"@type\":\"ImageObject\",\"inLanguage\":\"tr\",\"@id\":\"https:\/\/bestkitap.com\/tr\/#\/schema\/logo\/image\/\",\"url\":\"https:\/\/bestkitap.com\/wp-content\/uploads\/2020\/07\/BestPublishing-Logo-1200x436-1-e1596306221301.png\",\"contentUrl\":\"https:\/\/bestkitap.com\/wp-content\/uploads\/2020\/07\/BestPublishing-Logo-1200x436-1-e1596306221301.png\",\"width\":300,\"height\":109,\"caption\":\"BEST PUBLISHING\"},\"image\":{\"@id\":\"https:\/\/bestkitap.com\/tr\/#\/schema\/logo\/image\/\"},\"sameAs\":[\"https:\/\/www.facebook.com\/bestkitabevi\",\"https:\/\/x.com\/bestkitabevi\",\"https:\/\/www.instagram.com\/bestkitabevi\/\",\"https:\/\/www.linkedin.com\/company\/bestpublishing\/\"]}]}<\/script>\n<!-- \/ Yoast SEO plugin. -->","yoast_head_json":{"title":"Favorilerim - BEST PUBLISHING","robots":{"index":"index","follow":"follow","max-snippet":"max-snippet:-1","max-image-preview":"max-image-preview:large","max-video-preview":"max-video-preview:-1"},"canonical":"https:\/\/bestkitap.com\/tr\/wishlist\/","og_locale":"tr_TR","og_type":"article","og_title":"Favorilerim - BEST PUBLISHING","og_url":"https:\/\/bestkitap.com\/tr\/wishlist\/","og_site_name":"BEST PUBLISHING","article_publisher":"https:\/\/www.facebook.com\/bestkitabevi","article_modified_time":"2020-08-01T10:42:25+00:00","twitter_card":"summary_large_image","twitter_site":"@bestkitabevi","schema":{"@context":"https:\/\/schema.org","@graph":[{"@type":"WebPage","@id":"https:\/\/bestkitap.com\/tr\/wishlist\/","url":"https:\/\/bestkitap.com\/tr\/wishlist\/","name":"Favorilerim - BEST PUBLISHING","isPartOf":{"@id":"https:\/\/bestkitap.com\/tr\/#website"},"datePublished":"2020-07-26T21:49:19+00:00","dateModified":"2020-08-01T10:42:25+00:00","breadcrumb":{"@id":"https:\/\/bestkitap.com\/tr\/wishlist\/#breadcrumb"},"inLanguage":"tr","potentialAction":[{"@type":"ReadAction","target":["https:\/\/bestkitap.com\/tr\/wishlist\/"]}]},{"@type":"BreadcrumbList","@id":"https:\/\/bestkitap.com\/tr\/wishlist\/#breadcrumb","itemListElement":[{"@type":"ListItem","position":1,"name":"Home","item":"https:\/\/bestkitap.com\/tr\/"},{"@type":"ListItem","position":2,"name":"Favorilerim"}]},{"@type":"WebSite","@id":"https:\/\/bestkitap.com\/tr\/#website","url":"https:\/\/bestkitap.com\/tr\/","name":"BEST PUBLISHING","description":"Best Kitabevi | Ingilizce Kitap","publisher":{"@id":"https:\/\/bestkitap.com\/tr\/#organization"},"potentialAction":[{"@type":"SearchAction","target":{"@type":"EntryPoint","urlTemplate":"https:\/\/bestkitap.com\/tr\/?s={search_term_string}"},"query-input":{"@type":"PropertyValueSpecification","valueRequired":true,"valueName":"search_term_string"}}],"inLanguage":"tr"},{"@type":"Organization","@id":"https:\/\/bestkitap.com\/tr\/#organization","name":"BEST PUBLISHING","url":"https:\/\/bestkitap.com\/tr\/","logo":{"@type":"ImageObject","inLanguage":"tr","@id":"https:\/\/bestkitap.com\/tr\/#\/schema\/logo\/image\/","url":"https:\/\/bestkitap.com\/wp-content\/uploads\/2020\/07\/BestPublishing-Logo-1200x436-1-e1596306221301.png","contentUrl":"https:\/\/bestkitap.com\/wp-content\/uploads\/2020\/07\/BestPublishing-Logo-1200x436-1-e1596306221301.png","width":300,"height":109,"caption":"BEST PUBLISHING"},"image":{"@id":"https:\/\/bestkitap.com\/tr\/#\/schema\/logo\/image\/"},"sameAs":["https:\/\/www.facebook.com\/bestkitabevi","https:\/\/x.com\/bestkitabevi","https:\/\/www.instagram.com\/bestkitabevi\/","https:\/\/www.linkedin.com\/company\/bestpublishing\/"]}]}},"_links":{"self":[{"href":"https:\/\/bestkitap.com\/tr\/wp-json\/wp\/v2\/pages\/6822","targetHints":{"allow":["GET"]}}],"collection":[{"href":"https:\/\/bestkitap.com\/tr\/wp-json\/wp\/v2\/pages"}],"about":[{"href":"https:\/\/bestkitap.com\/tr\/wp-json\/wp\/v2\/types\/page"}],"author":[{"embeddable":true,"href":"https:\/\/bestkitap.com\/tr\/wp-json\/wp\/v2\/users\/1"}],"replies":[{"embeddable":true,"href":"https:\/\/bestkitap.com\/tr\/wp-json\/wp\/v2\/comments?post=6822"}],"version-history":[{"count":1,"href":"https:\/\/bestkitap.com\/tr\/wp-json\/wp\/v2\/pages\/6822\/revisions"}],"predecessor-version":[{"id":6823,"href":"https:\/\/bestkitap.com\/tr\/wp-json\/wp\/v2\/pages\/6822\/revisions\/6823"}],"wp:attachment":[{"href":"https:\/\/bestkitap.com\/tr\/wp-json\/wp\/v2\/media?parent=6822"}],"curies":[{"name":"wp","href":"https:\/\/api.w.org\/{rel}","templated":true}]}}