{"id":6884,"date":"2020-08-02T12:12:54","date_gmt":"2020-08-02T09:12:54","guid":{"rendered":"https:\/\/bestkitap.com\/return-and-refund-policy\/"},"modified":"2024-10-03T11:53:32","modified_gmt":"2024-10-03T08:53:32","slug":"return-and-refund-policy","status":"publish","type":"page","link":"https:\/\/bestkitap.com\/tr\/return-and-refund-policy\/","title":{"rendered":"\u0130ade ve Geri \u00d6deme Politikas\u0131"},"content":{"rendered":"<div class=\"wpb-content-wrapper\"><p>[vc_row][vc_column][vc_custom_heading text=&#8221;\u0130ade ve Geri \u00d6deme <strong>Politikas\u0131<\/strong>&#8221; font_container=&#8221;tag:h1|text_align:left&#8221; use_theme_fonts=&#8221;yes&#8221; el_class=&#8221;m-b-md&#8221;][\/vc_column][\/vc_row][vc_row][vc_column][vc_column_text]BEST K\u0130TAP \u00c7EV\u0130R\u0130 VE E\u011e\u0130T\u0130M LTD .\u015eT\u0130. taraf\u0131ndan i\u015fletilen Best Publishing&#8217;de al\u0131\u015fveri\u015f yapt\u0131\u011f\u0131n\u0131z i\u00e7in te\u015fekk\u00fcr ederiz.<\/p>\n<p>Herhangi bir nedenle, bir sat\u0131n alma i\u015fleminden tamamen memnun kalmazsan\u0131z, Sizi geri \u00f6deme ve iade politikam\u0131z\u0131 g\u00f6zden ge\u00e7irmeye davet ediyoruz.<\/p>\n<p>A\u015fa\u011f\u0131daki ko\u015fullar, Bizden sat\u0131n ald\u0131\u011f\u0131n\u0131z t\u00fcm \u00fcr\u00fcnler i\u00e7in ge\u00e7erlidir.<\/p>\n<h1>Yorumlama ve Tan\u0131mlar<\/h1>\n<h2>Yorumlama<\/h2>\n<p>\u0130lk harfin b\u00fcy\u00fck harfle yaz\u0131ld\u0131\u011f\u0131 s\u00f6zc\u00fcklerin anlamlar\u0131 a\u015fa\u011f\u0131daki ko\u015fullar alt\u0131nda tan\u0131mlan\u0131r.<\/p>\n<p>A\u015fa\u011f\u0131daki tan\u0131mlar, tekil veya \u00e7o\u011ful olarak g\u00f6r\u00fcn\u00fcp g\u00f6r\u00fcnmedi\u011fine bak\u0131lmaks\u0131z\u0131n ayn\u0131 anlama gelir.<\/p>\n<h2>Tan\u0131mlar<\/h2>\n<p>Bu \u0130ade ve Geri \u00d6deme Politikas\u0131n\u0131n ama\u00e7lar\u0131 do\u011frultusunda:<\/p>\n<ul>\n<li><strong>Siz<\/strong>bireysel eri\u015fimin ya da bireysel ge\u00e7erliyse, eri\u015fme veya Hizmeti kullanarak hangi ad\u0131na Hizmeti veya \u015firket ya da di\u011fer bir t\u00fczel ki\u015fi kullan\u0131yor demektir.<\/li>\n<li><strong>\u015eirket<\/strong> (bu S\u00f6zle\u015fmede &#8220;\u015eirket&#8221;, &#8220;Biz&#8221;, &#8220;Biz&#8221; veya &#8220;Bizim&#8221; olarak an\u0131lacakt\u0131r) BEST K\u0130TAP \u00c7EV\u0130R\u0130 VE E\u011e\u0130T\u0130M LTD .\u015eT\u0130., \u0130stiklal Cad. No: 178\/1 Beyo\u011flu \/ istanbul.<\/li>\n<li><strong>Hizmet<\/strong> Web Sitesi anlam\u0131na gelir.<\/li>\n<li><strong>Web sitesi<\/strong> https:\/\/bestkitap.com adresinden eri\u015filebilen Best Publishing anlam\u0131na gelir.<\/li>\n<li><strong>Mallar<\/strong> , Hizmette sat\u0131\u015fa sunulan \u00fcr\u00fcnleri ifade eder.<\/li>\n<li><strong>Sipari\u015fler<\/strong> , Bizden Mallar\u0131 sat\u0131n alman\u0131z i\u00e7in Sizin taraf\u0131n\u0131zdan yap\u0131lan bir talep anlam\u0131na gelir.<\/li>\n<\/ul>\n<h1>Sipari\u015f \u0130ptal Haklar\u0131n\u0131z<\/h1>\n<p>Sipari\u015finizi 14 g\u00fcn i\u00e7inde herhangi bir sebep g\u00f6stermeksizin, paketi a\u00e7\u0131lmad\u0131\u011f\u0131 taktirde iptal etme hakk\u0131na sahipsiniz.<\/p>\n<p>Bir Sipari\u015fi iptal etmek i\u00e7in son tarih, Mallar\u0131 teslim ald\u0131\u011f\u0131n\u0131z veya ta\u015f\u0131y\u0131c\u0131 olmayan, atad\u0131\u011f\u0131n\u0131z \u00fc\u00e7\u00fcnc\u00fc bir \u015fahs\u0131n teslim edilen \u00fcr\u00fcn\u00fc teslim ald\u0131\u011f\u0131 tarihten itibaren 30 g\u00fcnd\u00fcr.<\/p>\n<p>\u0130ptal hakk\u0131n\u0131z\u0131 kullanmak i\u00e7in, karar\u0131n\u0131z\u0131 a\u00e7\u0131k bir beyanla Bize bildirmelisiniz.<br \/>\nKarar\u0131n\u0131z\u0131 bize \u015fu \u015fekilde bildirebilirsiniz: <\/p>\n<ul>\n<li>E-posta ile: info@bestkitap.com<\/li>\n<li>Telefon numaras\u0131: +90 554 891 10 08 WhatsApp Hatt\u0131<\/li>\n<\/ul>\n<p>\u0130ade edilen Mallar\u0131 ald\u0131\u011f\u0131m\u0131z g\u00fcnden itibaren en ge\u00e7 14 g\u00fcn i\u00e7inde Size geri \u00f6deme yapaca\u011f\u0131z.<br \/>\nSipari\u015f i\u00e7in kulland\u0131\u011f\u0131n\u0131z \u00f6deme y\u00f6nteminin ayn\u0131s\u0131n\u0131 kullanaca\u011f\u0131z ve bu t\u00fcr bir geri \u00f6deme i\u00e7in herhangi bir \u00fccret \u00f6demeyeceksiniz. <\/p>\n<h1>\u0130ade Ko\u015fullar\u0131<\/h1>\n<p>\u00dcr\u00fcnlerin iade i\u00e7in uygun olmas\u0131 i\u00e7in l\u00fctfen \u015funlardan emin olun:<\/p>\n<ul>\n<li>\u00dcr\u00fcnler son 14 g\u00fcn i\u00e7inde sat\u0131n al\u0131nm\u0131\u015f olmal\u0131<\/li>\n<li>\u00dcr\u00fcnler orijinal ambalaj\u0131nda ve a\u00e7\u0131lmam\u0131\u015f olmal\u0131<\/li>\n<\/ul>\n<p>A\u015fa\u011f\u0131daki Mallar iade edilemez:<\/p>\n<ul>\n<li>Spesifikasyonlar\u0131n\u0131za g\u00f6re yap\u0131lan veya a\u00e7\u0131k\u00e7a ki\u015fiselle\u015ftirilmi\u015f Mallar\u0131n tedariki.<\/li>\n<li>Niteli\u011fi gere\u011fi iade edilmeye uygun olmayan, h\u0131zla bozulan veya son kullanma tarihi sona eren Mallar\u0131n tedariki.<\/li>\n<li>Sa\u011fl\u0131\u011f\u0131n korunmas\u0131 veya hijyen nedenleriyle iade edilmeye uygun olmayan ve teslimattan sonra m\u00fchr\u00fc a\u00e7\u0131lm\u0131\u015f Mallar\u0131n tedariki.<\/li>\n<li>Teslimattan sonra, niteli\u011fine g\u00f6re, di\u011fer kalemlerle ayr\u0131lmaz bir \u015fekilde kar\u0131\u015ft\u0131r\u0131lan Mallar\u0131n tedariki.<\/li>\n<\/ul>\n<p>Tamamen kendi takdirimize ba\u011fl\u0131 olarak, yukar\u0131daki iade ko\u015fullar\u0131n\u0131 kar\u015f\u0131lamayan herhangi bir mal\u0131n iadesini reddetme hakk\u0131m\u0131z\u0131 sakl\u0131 tutar\u0131z.<\/p>\n<p>Yaln\u0131zca normal fiyatl\u0131 Mallar iade edilebilir.<br \/>\nNe yaz\u0131k ki, sat\u0131\u015ftaki mallar iade edilemez.<br \/>\nBu istisna, y\u00fcr\u00fcrl\u00fckteki yasalar taraf\u0131ndan izin verilmedi\u011fi takdirde Sizin i\u00e7in ge\u00e7erli olmayabilir.  <\/p>\n<h1>Mallar\u0131 \u0130ade Etme<\/h1>\n<p>Mallar\u0131 Bize iade etmenin maliyeti ve riskinden siz sorumlusunuz.<br \/>\nMallar\u0131 a\u015fa\u011f\u0131daki adrese g\u00f6ndermelisiniz: <\/p>\n<p>Kargonuzu 1424100022 Bu Kod \u0130le &#8220;Cari&#8221; \u015eeklinde \u0130ade olarak en yakin Surat Kargo subesinden gonderebilirseniz seviniriz. <\/p>\n<p>\u0130ade sevkiyat\u0131nda hasar g\u00f6ren veya kaybolan Mallardan sorumlu tutulamay\u0131z.<br \/>\nBu nedenle, sigortal\u0131 ve izlenebilir bir posta hizmeti \u00f6neriyoruz.<br \/>\nMallar\u0131n fiilen teslim al\u0131nmas\u0131 veya iade teslimat\u0131n\u0131n al\u0131nd\u0131\u011f\u0131na dair kan\u0131t olmadan geri \u00f6deme yapam\u0131yoruz.  <\/p>\n<h1>Hediye<\/h1>\n<p>\u00dcr\u00fcnler sat\u0131n al\u0131nd\u0131\u011f\u0131nda hediye olarak i\u015faretlendiyse ve daha sonra do\u011frudan size g\u00f6nderildiyse, iadenizin de\u011feri i\u00e7in bir hediye kredisi alacaks\u0131n\u0131z.<br \/>\n\u0130ade edilen \u00fcr\u00fcn teslim al\u0131nd\u0131ktan sonra taraf\u0131n\u0131za bir hediye \u00e7eki g\u00f6nderilecektir. <\/p>\n<p>Mallar sat\u0131n al\u0131nd\u0131\u011f\u0131nda hediye olarak i\u015faretlenmemi\u015fse veya hediyeyi veren ki\u015fi Sipari\u015fi daha sonra Size vermek \u00fczere kendisine g\u00f6ndermi\u015fse, geri \u00f6demeyi hediyeyi veren ki\u015fiye g\u00f6nderece\u011fiz.<\/p>\n<h2>Bize ula\u015f\u0131n<\/h2>\n<p>\u0130ade ve Geri \u00d6deme Politikam\u0131z hakk\u0131nda herhangi bir sorunuz varsa, l\u00fctfen bizimle ileti\u015fime ge\u00e7in:<\/p>\n<ul>\n<li>E-posta ile: info@bestkitap.com<\/li>\n<li>Telefon numaras\u0131: +90 (212) 293-0866<\/li>\n<\/ul>\n<p>[\/vc_column_text][\/vc_column][\/vc_row]<\/p>\n<\/div>","protected":false},"excerpt":{"rendered":"<p>[vc_row][vc_column][vc_custom_heading text=&#8221;\u0130ade ve Geri \u00d6deme Politikas\u0131&#8221; font_container=&#8221;tag:h1|text_align:left&#8221; use_theme_fonts=&#8221;yes&#8221; el_class=&#8221;m-b-md&#8221;][\/vc_column][\/vc_row][vc_row][vc_column][vc_column_text]BEST K\u0130TAP \u00c7EV\u0130R\u0130 VE E\u011e\u0130T\u0130M LTD .\u015eT\u0130. taraf\u0131ndan i\u015fletilen Best Publishing&#8217;de al\u0131\u015fveri\u015f yapt\u0131\u011f\u0131n\u0131z i\u00e7in te\u015fekk\u00fcr ederiz. Herhangi bir nedenle, bir sat\u0131n alma i\u015fleminden tamamen memnun kalmazsan\u0131z, Sizi geri \u00f6deme ve iade politikam\u0131z\u0131 g\u00f6zden ge\u00e7irmeye davet ediyoruz. A\u015fa\u011f\u0131daki ko\u015fullar, Bizden sat\u0131n ald\u0131\u011f\u0131n\u0131z t\u00fcm \u00fcr\u00fcnler i\u00e7in ge\u00e7erlidir. Yorumlama ve [&hellip;]<\/p>\n","protected":false},"author":1,"featured_media":0,"parent":0,"menu_order":0,"comment_status":"closed","ping_status":"closed","template":"","meta":{"footnotes":""},"class_list":["post-6884","page","type-page","status-publish","hentry"],"yoast_head":"<!-- This site is optimized with the Yoast SEO plugin v26.7 - https:\/\/yoast.com\/wordpress\/plugins\/seo\/ -->\n<title>\u0130ade ve Geri \u00d6deme Politikas\u0131 - BEST PUBLISHING<\/title>\n<meta name=\"robots\" content=\"index, follow, max-snippet:-1, max-image-preview:large, max-video-preview:-1\" \/>\n<link rel=\"canonical\" href=\"https:\/\/bestkitap.com\/tr\/return-and-refund-policy\/\" \/>\n<meta property=\"og:locale\" content=\"tr_TR\" \/>\n<meta property=\"og:type\" content=\"article\" \/>\n<meta property=\"og:title\" content=\"\u0130ade ve Geri \u00d6deme Politikas\u0131 - BEST PUBLISHING\" \/>\n<meta property=\"og:description\" content=\"[vc_row][vc_column][vc_custom_heading text=&#8221;\u0130ade ve Geri \u00d6deme Politikas\u0131&#8221; font_container=&#8221;tag:h1|text_align:left&#8221; use_theme_fonts=&#8221;yes&#8221; el_class=&#8221;m-b-md&#8221;][\/vc_column][\/vc_row][vc_row][vc_column][vc_column_text]BEST K\u0130TAP \u00c7EV\u0130R\u0130 VE E\u011e\u0130T\u0130M LTD .\u015eT\u0130. taraf\u0131ndan i\u015fletilen Best Publishing&#8217;de al\u0131\u015fveri\u015f yapt\u0131\u011f\u0131n\u0131z i\u00e7in te\u015fekk\u00fcr ederiz. Herhangi bir nedenle, bir sat\u0131n alma i\u015fleminden tamamen memnun kalmazsan\u0131z, Sizi geri \u00f6deme ve iade politikam\u0131z\u0131 g\u00f6zden ge\u00e7irmeye davet ediyoruz. A\u015fa\u011f\u0131daki ko\u015fullar, Bizden sat\u0131n ald\u0131\u011f\u0131n\u0131z t\u00fcm \u00fcr\u00fcnler i\u00e7in ge\u00e7erlidir. Yorumlama ve [&hellip;]\" \/>\n<meta property=\"og:url\" content=\"https:\/\/bestkitap.com\/tr\/return-and-refund-policy\/\" \/>\n<meta property=\"og:site_name\" content=\"BEST PUBLISHING\" \/>\n<meta property=\"article:publisher\" content=\"https:\/\/www.facebook.com\/bestkitabevi\" \/>\n<meta property=\"article:modified_time\" content=\"2024-10-03T08:53:32+00:00\" \/>\n<meta name=\"twitter:card\" content=\"summary_large_image\" \/>\n<meta name=\"twitter:site\" content=\"@bestkitabevi\" \/>\n<meta name=\"twitter:label1\" content=\"Tahmini okuma s\u00fcresi\" \/>\n\t<meta name=\"twitter:data1\" content=\"4 dakika\" \/>\n<script type=\"application\/ld+json\" class=\"yoast-schema-graph\">{\"@context\":\"https:\/\/schema.org\",\"@graph\":[{\"@type\":\"WebPage\",\"@id\":\"https:\/\/bestkitap.com\/tr\/return-and-refund-policy\/\",\"url\":\"https:\/\/bestkitap.com\/tr\/return-and-refund-policy\/\",\"name\":\"\u0130ade ve Geri \u00d6deme Politikas\u0131 - BEST PUBLISHING\",\"isPartOf\":{\"@id\":\"https:\/\/bestkitap.com\/tr\/#website\"},\"datePublished\":\"2020-08-02T09:12:54+00:00\",\"dateModified\":\"2024-10-03T08:53:32+00:00\",\"breadcrumb\":{\"@id\":\"https:\/\/bestkitap.com\/tr\/return-and-refund-policy\/#breadcrumb\"},\"inLanguage\":\"tr\",\"potentialAction\":[{\"@type\":\"ReadAction\",\"target\":[\"https:\/\/bestkitap.com\/tr\/return-and-refund-policy\/\"]}]},{\"@type\":\"BreadcrumbList\",\"@id\":\"https:\/\/bestkitap.com\/tr\/return-and-refund-policy\/#breadcrumb\",\"itemListElement\":[{\"@type\":\"ListItem\",\"position\":1,\"name\":\"Home\",\"item\":\"https:\/\/bestkitap.com\/tr\/\"},{\"@type\":\"ListItem\",\"position\":2,\"name\":\"\u0130ade ve Geri \u00d6deme Politikas\u0131\"}]},{\"@type\":\"WebSite\",\"@id\":\"https:\/\/bestkitap.com\/tr\/#website\",\"url\":\"https:\/\/bestkitap.com\/tr\/\",\"name\":\"BEST PUBLISHING\",\"description\":\"Best Kitabevi | Ingilizce Kitap\",\"publisher\":{\"@id\":\"https:\/\/bestkitap.com\/tr\/#organization\"},\"potentialAction\":[{\"@type\":\"SearchAction\",\"target\":{\"@type\":\"EntryPoint\",\"urlTemplate\":\"https:\/\/bestkitap.com\/tr\/?s={search_term_string}\"},\"query-input\":{\"@type\":\"PropertyValueSpecification\",\"valueRequired\":true,\"valueName\":\"search_term_string\"}}],\"inLanguage\":\"tr\"},{\"@type\":\"Organization\",\"@id\":\"https:\/\/bestkitap.com\/tr\/#organization\",\"name\":\"BEST PUBLISHING\",\"url\":\"https:\/\/bestkitap.com\/tr\/\",\"logo\":{\"@type\":\"ImageObject\",\"inLanguage\":\"tr\",\"@id\":\"https:\/\/bestkitap.com\/tr\/#\/schema\/logo\/image\/\",\"url\":\"https:\/\/bestkitap.com\/wp-content\/uploads\/2020\/07\/BestPublishing-Logo-1200x436-1-e1596306221301.png\",\"contentUrl\":\"https:\/\/bestkitap.com\/wp-content\/uploads\/2020\/07\/BestPublishing-Logo-1200x436-1-e1596306221301.png\",\"width\":300,\"height\":109,\"caption\":\"BEST PUBLISHING\"},\"image\":{\"@id\":\"https:\/\/bestkitap.com\/tr\/#\/schema\/logo\/image\/\"},\"sameAs\":[\"https:\/\/www.facebook.com\/bestkitabevi\",\"https:\/\/x.com\/bestkitabevi\",\"https:\/\/www.instagram.com\/bestkitabevi\/\",\"https:\/\/www.linkedin.com\/company\/bestpublishing\/\"]}]}<\/script>\n<!-- \/ Yoast SEO plugin. -->","yoast_head_json":{"title":"\u0130ade ve Geri \u00d6deme Politikas\u0131 - BEST PUBLISHING","robots":{"index":"index","follow":"follow","max-snippet":"max-snippet:-1","max-image-preview":"max-image-preview:large","max-video-preview":"max-video-preview:-1"},"canonical":"https:\/\/bestkitap.com\/tr\/return-and-refund-policy\/","og_locale":"tr_TR","og_type":"article","og_title":"\u0130ade ve Geri \u00d6deme Politikas\u0131 - BEST PUBLISHING","og_description":"[vc_row][vc_column][vc_custom_heading text=&#8221;\u0130ade ve Geri \u00d6deme Politikas\u0131&#8221; font_container=&#8221;tag:h1|text_align:left&#8221; use_theme_fonts=&#8221;yes&#8221; el_class=&#8221;m-b-md&#8221;][\/vc_column][\/vc_row][vc_row][vc_column][vc_column_text]BEST K\u0130TAP \u00c7EV\u0130R\u0130 VE E\u011e\u0130T\u0130M LTD .\u015eT\u0130. taraf\u0131ndan i\u015fletilen Best Publishing&#8217;de al\u0131\u015fveri\u015f yapt\u0131\u011f\u0131n\u0131z i\u00e7in te\u015fekk\u00fcr ederiz. Herhangi bir nedenle, bir sat\u0131n alma i\u015fleminden tamamen memnun kalmazsan\u0131z, Sizi geri \u00f6deme ve iade politikam\u0131z\u0131 g\u00f6zden ge\u00e7irmeye davet ediyoruz. A\u015fa\u011f\u0131daki ko\u015fullar, Bizden sat\u0131n ald\u0131\u011f\u0131n\u0131z t\u00fcm \u00fcr\u00fcnler i\u00e7in ge\u00e7erlidir. Yorumlama ve [&hellip;]","og_url":"https:\/\/bestkitap.com\/tr\/return-and-refund-policy\/","og_site_name":"BEST PUBLISHING","article_publisher":"https:\/\/www.facebook.com\/bestkitabevi","article_modified_time":"2024-10-03T08:53:32+00:00","twitter_card":"summary_large_image","twitter_site":"@bestkitabevi","twitter_misc":{"Tahmini okuma s\u00fcresi":"4 dakika"},"schema":{"@context":"https:\/\/schema.org","@graph":[{"@type":"WebPage","@id":"https:\/\/bestkitap.com\/tr\/return-and-refund-policy\/","url":"https:\/\/bestkitap.com\/tr\/return-and-refund-policy\/","name":"\u0130ade ve Geri \u00d6deme Politikas\u0131 - BEST PUBLISHING","isPartOf":{"@id":"https:\/\/bestkitap.com\/tr\/#website"},"datePublished":"2020-08-02T09:12:54+00:00","dateModified":"2024-10-03T08:53:32+00:00","breadcrumb":{"@id":"https:\/\/bestkitap.com\/tr\/return-and-refund-policy\/#breadcrumb"},"inLanguage":"tr","potentialAction":[{"@type":"ReadAction","target":["https:\/\/bestkitap.com\/tr\/return-and-refund-policy\/"]}]},{"@type":"BreadcrumbList","@id":"https:\/\/bestkitap.com\/tr\/return-and-refund-policy\/#breadcrumb","itemListElement":[{"@type":"ListItem","position":1,"name":"Home","item":"https:\/\/bestkitap.com\/tr\/"},{"@type":"ListItem","position":2,"name":"\u0130ade ve Geri \u00d6deme Politikas\u0131"}]},{"@type":"WebSite","@id":"https:\/\/bestkitap.com\/tr\/#website","url":"https:\/\/bestkitap.com\/tr\/","name":"BEST PUBLISHING","description":"Best Kitabevi | Ingilizce Kitap","publisher":{"@id":"https:\/\/bestkitap.com\/tr\/#organization"},"potentialAction":[{"@type":"SearchAction","target":{"@type":"EntryPoint","urlTemplate":"https:\/\/bestkitap.com\/tr\/?s={search_term_string}"},"query-input":{"@type":"PropertyValueSpecification","valueRequired":true,"valueName":"search_term_string"}}],"inLanguage":"tr"},{"@type":"Organization","@id":"https:\/\/bestkitap.com\/tr\/#organization","name":"BEST PUBLISHING","url":"https:\/\/bestkitap.com\/tr\/","logo":{"@type":"ImageObject","inLanguage":"tr","@id":"https:\/\/bestkitap.com\/tr\/#\/schema\/logo\/image\/","url":"https:\/\/bestkitap.com\/wp-content\/uploads\/2020\/07\/BestPublishing-Logo-1200x436-1-e1596306221301.png","contentUrl":"https:\/\/bestkitap.com\/wp-content\/uploads\/2020\/07\/BestPublishing-Logo-1200x436-1-e1596306221301.png","width":300,"height":109,"caption":"BEST PUBLISHING"},"image":{"@id":"https:\/\/bestkitap.com\/tr\/#\/schema\/logo\/image\/"},"sameAs":["https:\/\/www.facebook.com\/bestkitabevi","https:\/\/x.com\/bestkitabevi","https:\/\/www.instagram.com\/bestkitabevi\/","https:\/\/www.linkedin.com\/company\/bestpublishing\/"]}]}},"_links":{"self":[{"href":"https:\/\/bestkitap.com\/tr\/wp-json\/wp\/v2\/pages\/6884","targetHints":{"allow":["GET"]}}],"collection":[{"href":"https:\/\/bestkitap.com\/tr\/wp-json\/wp\/v2\/pages"}],"about":[{"href":"https:\/\/bestkitap.com\/tr\/wp-json\/wp\/v2\/types\/page"}],"author":[{"embeddable":true,"href":"https:\/\/bestkitap.com\/tr\/wp-json\/wp\/v2\/users\/1"}],"replies":[{"embeddable":true,"href":"https:\/\/bestkitap.com\/tr\/wp-json\/wp\/v2\/comments?post=6884"}],"version-history":[{"count":5,"href":"https:\/\/bestkitap.com\/tr\/wp-json\/wp\/v2\/pages\/6884\/revisions"}],"predecessor-version":[{"id":5113270,"href":"https:\/\/bestkitap.com\/tr\/wp-json\/wp\/v2\/pages\/6884\/revisions\/5113270"}],"wp:attachment":[{"href":"https:\/\/bestkitap.com\/tr\/wp-json\/wp\/v2\/media?parent=6884"}],"curies":[{"name":"wp","href":"https:\/\/api.w.org\/{rel}","templated":true}]}}