{"id":8662,"date":"2020-08-20T22:30:48","date_gmt":"2020-08-20T19:30:48","guid":{"rendered":"https:\/\/bestkitap.com\/indirme\/"},"modified":"2020-08-21T17:52:08","modified_gmt":"2020-08-21T14:52:08","slug":"indirme","status":"publish","type":"page","link":"https:\/\/bestkitap.com\/tr\/indirme\/","title":{"rendered":"Indirme"},"content":{"rendered":"<div class=\"wpb-content-wrapper\"><p>[vc_row parallax=&#8221;content-moving&#8221; parallax_image=&#8221;8609&#8243; parallax_speed_bg=&#8221;1.25&#8243; wrap_container=&#8221;yes&#8221; is_section=&#8221;yes&#8221; remove_margin_top=&#8221;yes&#8221; remove_border=&#8221;yes&#8221; css=&#8221;.vc_custom_1527839384645{padding-top: 100px !important;padding-bottom: 50px !important;}&#8221; el_id=&#8221;banner_icons&#8221;][vc_column width=&#8221;5\/6&#8243; offset=&#8221;vc_col-md-offset-5 vc_col-md-7 vc_col-sm-offset-2&#8243;][vc_row_inner animation_type=&#8221;fadeInUp&#8221;][vc_column_inner]<div class=\"porto-sicon-box mb-4  wpb_custom_1efe903570d178ff0a9b7bfa5febd3a4 style_1 left-icon\"><div class=\"porto-sicon-left\"><div class=\"porto-just-icon-wrapper porto-sicon-img  porto-icon-9f5d1cfb45d27d96b50bf473aebba227\" style=\"font-size: 60px;\"><img loading=\"lazy\" decoding=\"async\" class=\"img-icon\" alt=\"\" src=\"https:\/\/bestkitap.com\/wp-content\/uploads\/2020\/08\/icon-1.png\" width=\"96\" height=\"70\" \/><\/div><\/div><div class=\"porto-sicon-body\"><div class=\"porto-sicon-header\"><h3 class=\"porto-sicon-title\" style=\"font-weight:600;font-size:25px;line-height:25px;\">Yan\u0131n\u0131zday\u0131z<\/h3><\/div> <!-- header --><div class=\"porto-sicon-description\" style=\"font-family:&#039;Montserrat&#039;;\">K\u00fcresel ve e\u011fitimsel zorluklarla kar\u015f\u0131la\u015ft\u0131\u011f\u0131m\u0131z bu d\u00f6nemde, bilgi ve \u00f6\u011frenmeyi yayma misyonumuzu s\u00fcrd\u00fcrmek i\u00e7in, hem s\u0131n\u0131f i\u00e7inde hem de uzaktan \u00f6\u011frenmeyi sa\u011flayan kapsaml\u0131 bir Dijital Destek Paketi geli\u015ftirdik.<\/div> <!-- description --><\/div><\/div><!-- porto-sicon-box -->[\/vc_column_inner][\/vc_row_inner][vc_row_inner animation_delay=&#8221;200&#8243; animation_type=&#8221;fadeInUp&#8221;][vc_column_inner]<div class=\"porto-sicon-box mb-4  wpb_custom_1efe903570d178ff0a9b7bfa5febd3a4 style_1 left-icon\"><div class=\"porto-sicon-left\"><div class=\"porto-just-icon-wrapper porto-sicon-img  porto-icon-9f5d1cfb45d27d96b50bf473aebba227\" style=\"font-size: 60px;\"><img loading=\"lazy\" decoding=\"async\" class=\"img-icon\" alt=\"\" src=\"https:\/\/bestkitap.com\/wp-content\/uploads\/2020\/08\/icon-2.png\" width=\"98\" height=\"80\" \/><\/div><\/div><div class=\"porto-sicon-body\"><div class=\"porto-sicon-header\"><h3 class=\"porto-sicon-title\" style=\"font-weight:600;font-size:25px;line-height:25px;\">En \u0130yi \u00d6\u011fretmenler<\/h3><\/div> <!-- header --><div class=\"porto-sicon-description\" style=\"font-family:&#039;Montserrat&#039;;\">En iyi \u00d6\u011fretmenler i\u00e7in en iyi materyaller! Hem s\u0131n\u0131f i\u00e7inde hem de s\u0131n\u0131f d\u0131\u015f\u0131nda \u00f6\u011frenmeyi m\u00fcmk\u00fcn k\u0131lan en son teknoloji dijital ara\u00e7lar\u0131 ve kaynaklar\u0131 geli\u015ftirdik. \u0130htiya\u00e7 duydu\u011funuz her konuda size 7\/24 aral\u0131ks\u0131z yard\u0131mc\u0131 olmak i\u00e7in haz\u0131r\u0131z.<\/div> <!-- description --><\/div><\/div><!-- porto-sicon-box -->[\/vc_column_inner][\/vc_row_inner][vc_row_inner animation_delay=&#8221;400&#8243; animation_type=&#8221;fadeInUp&#8221;][vc_column_inner]<div class=\"porto-sicon-box mb-4  wpb_custom_1efe903570d178ff0a9b7bfa5febd3a4 style_1 left-icon\"><div class=\"porto-sicon-left\"><div class=\"porto-just-icon-wrapper porto-sicon-img  porto-icon-9f5d1cfb45d27d96b50bf473aebba227\" style=\"font-size: 60px;\"><img loading=\"lazy\" decoding=\"async\" class=\"img-icon\" alt=\"\" src=\"https:\/\/bestkitap.com\/wp-content\/uploads\/2020\/08\/icon-3.png\" width=\"98\" height=\"86\" \/><\/div><\/div><div class=\"porto-sicon-body\"><div class=\"porto-sicon-header\"><h3 class=\"porto-sicon-title\" style=\"font-weight:600;font-size:25px;line-height:25px;\">S\u00f6z\u00fcm\u00fcz<\/h3><\/div> <!-- header --><div class=\"porto-sicon-description\" style=\"font-family:&#039;Montserrat&#039;;\">Bu okul y\u0131l\u0131nda; her ko\u015fulda okullara, \u00f6\u011fretmenlere, \u00f6\u011frencilere ve velilere <strong>kesin ve g\u00fcncel<\/strong> \u00e7\u00f6z\u00fcmleri ge\u00e7mi\u015fte tutarl\u0131 bir \u015fekilde yapt\u0131\u011f\u0131m\u0131z gibi, bu sene de sunmak i\u00e7in haz\u0131r\u0131z.<\/div> <!-- description --><\/div><\/div><!-- porto-sicon-box -->[\/vc_column_inner][\/vc_row_inner][\/vc_column][\/vc_row][vc_row][vc_column][vc_separator][\/vc_column][\/vc_row][vc_row][vc_column width=&#8221;1\/4&#8243;][\/vc_column][vc_column width=&#8221;1\/2&#8243;]<div class=\"porto-u-heading  wpb_custom_95aa9a11c17ad45cfabaf210d84ee7cc porto-u-55ca8359258f9a412be7e73af65d2aac \"><div class=\"porto-u-main-heading\"><h2   style=\"font-weight:700;margin-bottom: 14px;font-size:25px;line-height:37px;\">Ayr\u0131nt\u0131l\u0131 videolar\u0131 izleyin & a\u015fa\u011f\u0131daki ad\u0131mlar\u0131 izleyerek Ak\u0131ll\u0131 Tahtay\u0131 kolayca indirin.<\/h2><\/div><div class=\"porto-u-sub-heading\" style=\"margin-bottom:22px;\">\n<ul>\n<li>Videodaki ad\u0131mlar\u0131 takip ederek Ak\u0131ll\u0131 Tahtalar\u0131 bilgisayar\u0131n\u0131za basit\u00e7e indirin.<\/li>\n<li>Videodaki ad\u0131mlar, daha fazla yard\u0131ma ihtiyac\u0131n\u0131z olmas\u0131 durumunda a\u015fa\u011f\u0131da da ad\u0131m ad\u0131m a\u00e7\u0131klanm\u0131\u015ft\u0131r.<\/li>\n<\/ul>\n<p><\/div><style>.porto-u-55ca8359258f9a412be7e73af65d2aac.porto-u-heading{text-align:center}<\/style><\/div>[vc_video link=&#8221;https:\/\/www.youtube.com\/watch?v=RMb2QJND0bY&#8221; align=&#8221;center&#8221; title=&#8221;1. ve 2. ADIM&#8221;][vc_video link=&#8221;https:\/\/www.youtube.com\/watch?v=LM0hVW7Ixug&#8221; align=&#8221;center&#8221; title=&#8221;3. ADIM&#8221;][vc_video link=&#8221;https:\/\/www.youtube.com\/watch?v=rYoek8p-4jk&#8221; align=&#8221;center&#8221; title=&#8221;4. ADIM&#8221;][vc_video link=&#8221;https:\/\/www.youtube.com\/watch?v=CFQc1CpR1WY&#8221; align=&#8221;center&#8221; title=&#8221;5. ADIM&#8221;][vc_video link=&#8221;https:\/\/www.youtube.com\/watch?v=SfcGMGLUMn4&#8243; align=&#8221;center&#8221; title=&#8221;6. ADIM&#8221;][\/vc_column][vc_column width=&#8221;1\/4&#8243;][\/vc_column][\/vc_row][vc_row wrap_container=&#8221;yes&#8221; css=&#8221;.vc_custom_1556823103406{padding-top: 120px !important;padding-bottom: 90px !important;background-color: #f7f7f7 !important;}&#8221;][vc_column]<div class=\"porto-process process-horizontal wpb_custom_aa84c36a6a947f6099708744f0f74b68\"><div class=\"process-step wpb_custom_e03dc5a8a169bfdfccbaed44883810c3\" data-appear-animation=\"fadeInUp\" data-appear-animation-delay=\"200\"><div class=\"process-step-circle\"><strong class=\"process-step-circle-content\"><i class=\"Simple-Line-Icons-user\"><\/i><\/strong><\/div><div class=\"process-step-content\"><h4 class=\"step-item-title\" style=\"color:#212529\">1. Ad\u0131m<\/h4><div class=\"process-step-desc\">Size Best Publishing(Best Kitabevi) taraf\u0131ndan g\u00f6nderilen e-postadaki linke t\u0131klay\u0131n. Taray\u0131c\u0131n\u0131z bu dosyay\u0131 Google Drive da otomatik olarak a\u00e7acakt\u0131r. <strong>2. ADIM -&gt;<\/strong><\/div><\/div><\/div><div class=\"process-step wpb_custom_e03dc5a8a169bfdfccbaed44883810c3\" data-appear-animation=\"fadeInUp\" data-appear-animation-delay=\"400\"><div class=\"process-step-circle\"><strong class=\"process-step-circle-content\"><i class=\"Simple-Line-Icons-layers\"><\/i><\/strong><\/div><div class=\"process-step-content\"><h4 class=\"step-item-title\" style=\"color:#212529\">2. ADIM<\/h4><div class=\"process-step-desc\">Google Drive&#8217;\u0131n i\u00e7erisindeki sekmelerde kitab\u0131n ad\u0131n\u0131 bulun(\u00f6rnek: Portal to English 1). Bu kitab\u0131n ismine t\u0131klad\u0131\u011f\u0131nda men\u00fc a\u015fa\u011f\u0131 do\u011fru a\u00e7\u0131lacakt\u0131r, a\u00e7\u0131lan men\u00fcden &#8216;\u0130ndir&#8217; yaz\u0131s\u0131na t\u0131klay\u0131n. T\u0131klad\u0131\u011f\u0131n\u0131zda Google Drive otomatik olarak kitab\u0131n ak\u0131ll\u0131 tahtas\u0131n\u0131 s\u0131k\u0131\u015ft\u0131rmaya yani zip dosyas\u0131 yapmaya ba\u015flayacakt\u0131r. Bunu sa\u011f a\u015fa\u011f\u0131 k\u00f6\u015feden takip edebilirsiniz. S\u0131k\u0131\u015ft\u0131rma i\u015flemi internet ba\u011flat\u0131n\u0131z\u0131n h\u0131z\u0131na g\u00f6re bir ka\u00e7 dakika alabilir. <strong>3. ADIM -&gt;<\/strong><\/div><\/div><\/div><div class=\"process-step wpb_custom_e03dc5a8a169bfdfccbaed44883810c3\" data-appear-animation=\"fadeInUp\" data-appear-animation-delay=\"600\"><div class=\"process-step-circle\"><strong class=\"process-step-circle-content\"><i class=\"Simple-Line-Icons-screen-desktop\"><\/i><\/strong><\/div><div class=\"process-step-content\"><h4 class=\"step-item-title\" style=\"color:#212529\">3. ADIM<\/h4><div class=\"process-step-desc\">S\u0131k\u0131\u015ft\u0131rma bitince, taray\u0131c\u0131n\u0131z otomatik olarak indirmeye ba\u015flayabilir ve bunu sol alt k\u00f6\u015feden g\u00f6rebilirsiniz. Ama baz\u0131 durumlarda taray\u0131c\u0131 indirmeye ba\u015flamadan \u00f6nce \u00fcst k\u0131s\u0131mda &#8216;\u00c7\u0131k&#8217; ve &#8216;\u0130ptal&#8217; se\u00e7enekleri olan bir soru soracakt\u0131r. <strong>Burada &#8216;\u00c7\u0131k&#8217; butonuna t\u0131klamal\u0131s\u0131n\u0131z.<\/strong> Aksi taktirde indirme i\u015flemini iptal eder! <strong>4. ADIM -&gt;<\/strong><\/div><\/div><\/div><\/div>[\/vc_column][\/vc_row][vc_row wrap_container=&#8221;yes&#8221; css=&#8221;.vc_custom_1556823103406{padding-top: 120px !important;padding-bottom: 90px !important;background-color: #f7f7f7 !important;}&#8221;][vc_column]<div class=\"porto-process process-horizontal wpb_custom_aa84c36a6a947f6099708744f0f74b68\"><div class=\"process-step wpb_custom_e03dc5a8a169bfdfccbaed44883810c3\" data-appear-animation=\"fadeInUp\" data-appear-animation-delay=\"200\"><div class=\"process-step-circle\"><strong class=\"process-step-circle-content\"><i class=\"Simple-Line-Icons-user\"><\/i><\/strong><\/div><div class=\"process-step-content\"><h4 class=\"step-item-title\" style=\"color:#212529\">4. ADIM<\/h4><div class=\"process-step-desc\">\u015eimdi, sol alt k\u00f6\u015fede ya da taray\u0131c\u0131n\u0131z\u0131n indirilenler k\u0131sm\u0131nda ak\u0131ll\u0131 tahtan\u0131n zip dosyas\u0131 olarak indirildi\u011fini g\u00f6r\u00fcyor olmal\u0131s\u0131n\u0131z. \u0130ndirmenin tamamlanmas\u0131 internet h\u0131z\u0131n\u0131za g\u00f6re bir ka\u00e7 dakika s\u00fcrebilir. <strong>5. ADIM -&gt;<\/strong><\/div><\/div><\/div><div class=\"process-step wpb_custom_e03dc5a8a169bfdfccbaed44883810c3\" data-appear-animation=\"fadeInUp\" data-appear-animation-delay=\"400\"><div class=\"process-step-circle\"><strong class=\"process-step-circle-content\"><i class=\"Simple-Line-Icons-layers\"><\/i><\/strong><\/div><div class=\"process-step-content\"><h4 class=\"step-item-title\" style=\"color:#212529\">5. ADIM<\/h4><div class=\"process-step-desc\">Tebrikler, indirme i\u015fleminiz tamamland\u0131! \u015eimdi zip dosyas\u0131 olarak indirdi\u011finiz ak\u0131ll\u0131 tahtay\u0131 zipten \u00e7\u0131kar\u0131p masa\u00fcst\u00fcn\u00fcze ya da istedi\u011finiz herhangi bir dosyan\u0131n i\u00e7ine kaydedebilirsiniz. Bunun i\u00e7in bilgisayar\u0131n\u0131zda otomatik bulunan Winzip vb. uygulamalar\u0131 kullanabilirsiniz. <strong>6. ADIM -&gt;<\/strong><\/div><\/div><\/div><div class=\"process-step wpb_custom_e03dc5a8a169bfdfccbaed44883810c3\" data-appear-animation=\"fadeInUp\" data-appear-animation-delay=\"600\"><div class=\"process-step-circle\"><strong class=\"process-step-circle-content\"><i class=\"Simple-Line-Icons-screen-desktop\"><\/i><\/strong><\/div><div class=\"process-step-content\"><h4 class=\"step-item-title\" style=\"color:#212529\">6. ADIM<\/h4><div class=\"process-step-desc\">Son olarak, indirdi\u011finiz ve zipten \u00e7\u0131kard\u0131\u011f\u0131n\u0131z dosyan\u0131n i\u00e7ine girin. Bu dosyada e\u011fer Explorer ve Portal serisinin ak\u0131ll\u0131 tahtalar\u0131ndan birini indirdiyseniz <strong>&#8220;Main Menu&#8221; ve &#8220;Intro&#8221;<\/strong> se\u00e7eneklerini g\u00f6receksiniz. Herhangi birine \u00e7ift t\u0131klad\u0131\u011f\u0131n\u0131zda Ak\u0131ll\u0131 Tahta taray\u0131c\u0131n\u0131zdan(Google Chrome, Microsoft Edge, Firefox, Safari vb.) otomatik olarak a\u00e7\u0131lacakt\u0131r.<\/p>\n<p>Full Blast, Pioneer, Traveller ya da herhangi ba\u015fka bir kitap serisinin ak\u0131ll\u0131 tahtas\u0131n\u0131 indirdiyseniz, ak\u0131ll\u0131 tahta dosyas\u0131n\u0131n i\u00e7erisinde <strong>&#8220;MMLoad&#8221;<\/strong> yazan bir uygulama g\u00f6receksiniz. Bu <strong>&#8220;MMLoad&#8221;<\/strong>a t\u0131klad\u0131\u011f\u0131n\u0131zda, ak\u0131ll\u0131 tahta uygulama olarak a\u00e7\u0131lacakt\u0131r.<\/div><\/div><\/div><\/div>[\/vc_column][\/vc_row]<\/p>\n<\/div>","protected":false},"excerpt":{"rendered":"<p>[vc_row parallax=&#8221;content-moving&#8221; parallax_image=&#8221;8609&#8243; parallax_speed_bg=&#8221;1.25&#8243; wrap_container=&#8221;yes&#8221; is_section=&#8221;yes&#8221; remove_margin_top=&#8221;yes&#8221; remove_border=&#8221;yes&#8221; css=&#8221;.vc_custom_1527839384645{padding-top: 100px !important;padding-bottom: 50px !important;}&#8221; el_id=&#8221;banner_icons&#8221;][vc_column width=&#8221;5\/6&#8243; offset=&#8221;vc_col-md-offset-5 vc_col-md-7 vc_col-sm-offset-2&#8243;][vc_row_inner animation_type=&#8221;fadeInUp&#8221;][vc_column_inner][\/vc_column_inner][\/vc_row_inner][vc_row_inner animation_delay=&#8221;200&#8243; animation_type=&#8221;fadeInUp&#8221;][vc_column_inner][\/vc_column_inner][\/vc_row_inner][vc_row_inner animation_delay=&#8221;400&#8243; animation_type=&#8221;fadeInUp&#8221;][vc_column_inner][\/vc_column_inner][\/vc_row_inner][\/vc_column][\/vc_row][vc_row][vc_column][vc_separator][\/vc_column][\/vc_row][vc_row][vc_column width=&#8221;1\/4&#8243;][\/vc_column][vc_column width=&#8221;1\/2&#8243;][vc_video link=&#8221;https:\/\/www.youtube.com\/watch?v=RMb2QJND0bY&#8221; align=&#8221;center&#8221; title=&#8221;1. ve 2. ADIM&#8221;][vc_video link=&#8221;https:\/\/www.youtube.com\/watch?v=LM0hVW7Ixug&#8221; align=&#8221;center&#8221; title=&#8221;3. ADIM&#8221;][vc_video link=&#8221;https:\/\/www.youtube.com\/watch?v=rYoek8p-4jk&#8221; align=&#8221;center&#8221; title=&#8221;4. ADIM&#8221;][vc_video link=&#8221;https:\/\/www.youtube.com\/watch?v=CFQc1CpR1WY&#8221; align=&#8221;center&#8221; title=&#8221;5. ADIM&#8221;][vc_video link=&#8221;https:\/\/www.youtube.com\/watch?v=SfcGMGLUMn4&#8243; align=&#8221;center&#8221; title=&#8221;6. ADIM&#8221;][\/vc_column][vc_column width=&#8221;1\/4&#8243;][\/vc_column][\/vc_row][vc_row wrap_container=&#8221;yes&#8221; css=&#8221;.vc_custom_1556823103406{padding-top: 120px !important;padding-bottom: 90px !important;background-color: #f7f7f7 [&hellip;]<\/p>\n","protected":false},"author":1,"featured_media":0,"parent":0,"menu_order":0,"comment_status":"closed","ping_status":"closed","template":"","meta":{"footnotes":""},"class_list":["post-8662","page","type-page","status-publish","hentry"],"yoast_head":"<!-- This site is optimized with the Yoast SEO plugin v26.7 - https:\/\/yoast.com\/wordpress\/plugins\/seo\/ -->\n<title>Indirme - BEST PUBLISHING<\/title>\n<meta name=\"robots\" content=\"index, follow, max-snippet:-1, max-image-preview:large, max-video-preview:-1\" \/>\n<link rel=\"canonical\" href=\"https:\/\/bestkitap.com\/tr\/indirme\/\" \/>\n<meta property=\"og:locale\" content=\"tr_TR\" \/>\n<meta property=\"og:type\" content=\"article\" \/>\n<meta property=\"og:title\" content=\"Indirme - BEST PUBLISHING\" \/>\n<meta property=\"og:description\" content=\"[vc_row parallax=&#8221;content-moving&#8221; parallax_image=&#8221;8609&#8243; parallax_speed_bg=&#8221;1.25&#8243; wrap_container=&#8221;yes&#8221; is_section=&#8221;yes&#8221; remove_margin_top=&#8221;yes&#8221; remove_border=&#8221;yes&#8221; css=&#8221;.vc_custom_1527839384645{padding-top: 100px !important;padding-bottom: 50px !important;}&#8221; el_id=&#8221;banner_icons&#8221;][vc_column width=&#8221;5\/6&#8243; offset=&#8221;vc_col-md-offset-5 vc_col-md-7 vc_col-sm-offset-2&#8243;][vc_row_inner animation_type=&#8221;fadeInUp&#8221;][vc_column_inner][\/vc_column_inner][\/vc_row_inner][vc_row_inner animation_delay=&#8221;200&#8243; animation_type=&#8221;fadeInUp&#8221;][vc_column_inner][\/vc_column_inner][\/vc_row_inner][vc_row_inner animation_delay=&#8221;400&#8243; animation_type=&#8221;fadeInUp&#8221;][vc_column_inner][\/vc_column_inner][\/vc_row_inner][\/vc_column][\/vc_row][vc_row][vc_column][vc_separator][\/vc_column][\/vc_row][vc_row][vc_column width=&#8221;1\/4&#8243;][\/vc_column][vc_column width=&#8221;1\/2&#8243;][vc_video link=&#8221;https:\/\/www.youtube.com\/watch?v=RMb2QJND0bY&#8221; align=&#8221;center&#8221; title=&#8221;1. ve 2. ADIM&#8221;][vc_video link=&#8221;https:\/\/www.youtube.com\/watch?v=LM0hVW7Ixug&#8221; align=&#8221;center&#8221; title=&#8221;3. ADIM&#8221;][vc_video link=&#8221;https:\/\/www.youtube.com\/watch?v=rYoek8p-4jk&#8221; align=&#8221;center&#8221; title=&#8221;4. ADIM&#8221;][vc_video link=&#8221;https:\/\/www.youtube.com\/watch?v=CFQc1CpR1WY&#8221; align=&#8221;center&#8221; title=&#8221;5. ADIM&#8221;][vc_video link=&#8221;https:\/\/www.youtube.com\/watch?v=SfcGMGLUMn4&#8243; align=&#8221;center&#8221; title=&#8221;6. ADIM&#8221;][\/vc_column][vc_column width=&#8221;1\/4&#8243;][\/vc_column][\/vc_row][vc_row wrap_container=&#8221;yes&#8221; css=&#8221;.vc_custom_1556823103406{padding-top: 120px !important;padding-bottom: 90px !important;background-color: #f7f7f7 [&hellip;]\" \/>\n<meta property=\"og:url\" content=\"https:\/\/bestkitap.com\/tr\/indirme\/\" \/>\n<meta property=\"og:site_name\" content=\"BEST PUBLISHING\" \/>\n<meta property=\"article:publisher\" content=\"https:\/\/www.facebook.com\/bestkitabevi\" \/>\n<meta property=\"article:modified_time\" content=\"2020-08-21T14:52:08+00:00\" \/>\n<meta name=\"twitter:card\" content=\"summary_large_image\" \/>\n<meta name=\"twitter:site\" content=\"@bestkitabevi\" \/>\n<meta name=\"twitter:label1\" content=\"Tahmini okuma s\u00fcresi\" \/>\n\t<meta name=\"twitter:data1\" content=\"6 dakika\" \/>\n<script type=\"application\/ld+json\" class=\"yoast-schema-graph\">{\"@context\":\"https:\/\/schema.org\",\"@graph\":[{\"@type\":\"WebPage\",\"@id\":\"https:\/\/bestkitap.com\/tr\/indirme\/\",\"url\":\"https:\/\/bestkitap.com\/tr\/indirme\/\",\"name\":\"Indirme - BEST PUBLISHING\",\"isPartOf\":{\"@id\":\"https:\/\/bestkitap.com\/tr\/#website\"},\"datePublished\":\"2020-08-20T19:30:48+00:00\",\"dateModified\":\"2020-08-21T14:52:08+00:00\",\"breadcrumb\":{\"@id\":\"https:\/\/bestkitap.com\/tr\/indirme\/#breadcrumb\"},\"inLanguage\":\"tr\",\"potentialAction\":[{\"@type\":\"ReadAction\",\"target\":[\"https:\/\/bestkitap.com\/tr\/indirme\/\"]}]},{\"@type\":\"BreadcrumbList\",\"@id\":\"https:\/\/bestkitap.com\/tr\/indirme\/#breadcrumb\",\"itemListElement\":[{\"@type\":\"ListItem\",\"position\":1,\"name\":\"Home\",\"item\":\"https:\/\/bestkitap.com\/tr\/\"},{\"@type\":\"ListItem\",\"position\":2,\"name\":\"Indirme\"}]},{\"@type\":\"WebSite\",\"@id\":\"https:\/\/bestkitap.com\/tr\/#website\",\"url\":\"https:\/\/bestkitap.com\/tr\/\",\"name\":\"BEST PUBLISHING\",\"description\":\"Best Kitabevi | Ingilizce Kitap\",\"publisher\":{\"@id\":\"https:\/\/bestkitap.com\/tr\/#organization\"},\"potentialAction\":[{\"@type\":\"SearchAction\",\"target\":{\"@type\":\"EntryPoint\",\"urlTemplate\":\"https:\/\/bestkitap.com\/tr\/?s={search_term_string}\"},\"query-input\":{\"@type\":\"PropertyValueSpecification\",\"valueRequired\":true,\"valueName\":\"search_term_string\"}}],\"inLanguage\":\"tr\"},{\"@type\":\"Organization\",\"@id\":\"https:\/\/bestkitap.com\/tr\/#organization\",\"name\":\"BEST PUBLISHING\",\"url\":\"https:\/\/bestkitap.com\/tr\/\",\"logo\":{\"@type\":\"ImageObject\",\"inLanguage\":\"tr\",\"@id\":\"https:\/\/bestkitap.com\/tr\/#\/schema\/logo\/image\/\",\"url\":\"https:\/\/bestkitap.com\/wp-content\/uploads\/2020\/07\/BestPublishing-Logo-1200x436-1-e1596306221301.png\",\"contentUrl\":\"https:\/\/bestkitap.com\/wp-content\/uploads\/2020\/07\/BestPublishing-Logo-1200x436-1-e1596306221301.png\",\"width\":300,\"height\":109,\"caption\":\"BEST PUBLISHING\"},\"image\":{\"@id\":\"https:\/\/bestkitap.com\/tr\/#\/schema\/logo\/image\/\"},\"sameAs\":[\"https:\/\/www.facebook.com\/bestkitabevi\",\"https:\/\/x.com\/bestkitabevi\",\"https:\/\/www.instagram.com\/bestkitabevi\/\",\"https:\/\/www.linkedin.com\/company\/bestpublishing\/\"]}]}<\/script>\n<!-- \/ Yoast SEO plugin. -->","yoast_head_json":{"title":"Indirme - BEST PUBLISHING","robots":{"index":"index","follow":"follow","max-snippet":"max-snippet:-1","max-image-preview":"max-image-preview:large","max-video-preview":"max-video-preview:-1"},"canonical":"https:\/\/bestkitap.com\/tr\/indirme\/","og_locale":"tr_TR","og_type":"article","og_title":"Indirme - BEST PUBLISHING","og_description":"[vc_row parallax=&#8221;content-moving&#8221; parallax_image=&#8221;8609&#8243; parallax_speed_bg=&#8221;1.25&#8243; wrap_container=&#8221;yes&#8221; is_section=&#8221;yes&#8221; remove_margin_top=&#8221;yes&#8221; remove_border=&#8221;yes&#8221; css=&#8221;.vc_custom_1527839384645{padding-top: 100px !important;padding-bottom: 50px !important;}&#8221; el_id=&#8221;banner_icons&#8221;][vc_column width=&#8221;5\/6&#8243; offset=&#8221;vc_col-md-offset-5 vc_col-md-7 vc_col-sm-offset-2&#8243;][vc_row_inner animation_type=&#8221;fadeInUp&#8221;][vc_column_inner][\/vc_column_inner][\/vc_row_inner][vc_row_inner animation_delay=&#8221;200&#8243; animation_type=&#8221;fadeInUp&#8221;][vc_column_inner][\/vc_column_inner][\/vc_row_inner][vc_row_inner animation_delay=&#8221;400&#8243; animation_type=&#8221;fadeInUp&#8221;][vc_column_inner][\/vc_column_inner][\/vc_row_inner][\/vc_column][\/vc_row][vc_row][vc_column][vc_separator][\/vc_column][\/vc_row][vc_row][vc_column width=&#8221;1\/4&#8243;][\/vc_column][vc_column width=&#8221;1\/2&#8243;][vc_video link=&#8221;https:\/\/www.youtube.com\/watch?v=RMb2QJND0bY&#8221; align=&#8221;center&#8221; title=&#8221;1. ve 2. ADIM&#8221;][vc_video link=&#8221;https:\/\/www.youtube.com\/watch?v=LM0hVW7Ixug&#8221; align=&#8221;center&#8221; title=&#8221;3. ADIM&#8221;][vc_video link=&#8221;https:\/\/www.youtube.com\/watch?v=rYoek8p-4jk&#8221; align=&#8221;center&#8221; title=&#8221;4. ADIM&#8221;][vc_video link=&#8221;https:\/\/www.youtube.com\/watch?v=CFQc1CpR1WY&#8221; align=&#8221;center&#8221; title=&#8221;5. ADIM&#8221;][vc_video link=&#8221;https:\/\/www.youtube.com\/watch?v=SfcGMGLUMn4&#8243; align=&#8221;center&#8221; title=&#8221;6. ADIM&#8221;][\/vc_column][vc_column width=&#8221;1\/4&#8243;][\/vc_column][\/vc_row][vc_row wrap_container=&#8221;yes&#8221; css=&#8221;.vc_custom_1556823103406{padding-top: 120px !important;padding-bottom: 90px !important;background-color: #f7f7f7 [&hellip;]","og_url":"https:\/\/bestkitap.com\/tr\/indirme\/","og_site_name":"BEST PUBLISHING","article_publisher":"https:\/\/www.facebook.com\/bestkitabevi","article_modified_time":"2020-08-21T14:52:08+00:00","twitter_card":"summary_large_image","twitter_site":"@bestkitabevi","twitter_misc":{"Tahmini okuma s\u00fcresi":"6 dakika"},"schema":{"@context":"https:\/\/schema.org","@graph":[{"@type":"WebPage","@id":"https:\/\/bestkitap.com\/tr\/indirme\/","url":"https:\/\/bestkitap.com\/tr\/indirme\/","name":"Indirme - BEST PUBLISHING","isPartOf":{"@id":"https:\/\/bestkitap.com\/tr\/#website"},"datePublished":"2020-08-20T19:30:48+00:00","dateModified":"2020-08-21T14:52:08+00:00","breadcrumb":{"@id":"https:\/\/bestkitap.com\/tr\/indirme\/#breadcrumb"},"inLanguage":"tr","potentialAction":[{"@type":"ReadAction","target":["https:\/\/bestkitap.com\/tr\/indirme\/"]}]},{"@type":"BreadcrumbList","@id":"https:\/\/bestkitap.com\/tr\/indirme\/#breadcrumb","itemListElement":[{"@type":"ListItem","position":1,"name":"Home","item":"https:\/\/bestkitap.com\/tr\/"},{"@type":"ListItem","position":2,"name":"Indirme"}]},{"@type":"WebSite","@id":"https:\/\/bestkitap.com\/tr\/#website","url":"https:\/\/bestkitap.com\/tr\/","name":"BEST PUBLISHING","description":"Best Kitabevi | Ingilizce Kitap","publisher":{"@id":"https:\/\/bestkitap.com\/tr\/#organization"},"potentialAction":[{"@type":"SearchAction","target":{"@type":"EntryPoint","urlTemplate":"https:\/\/bestkitap.com\/tr\/?s={search_term_string}"},"query-input":{"@type":"PropertyValueSpecification","valueRequired":true,"valueName":"search_term_string"}}],"inLanguage":"tr"},{"@type":"Organization","@id":"https:\/\/bestkitap.com\/tr\/#organization","name":"BEST PUBLISHING","url":"https:\/\/bestkitap.com\/tr\/","logo":{"@type":"ImageObject","inLanguage":"tr","@id":"https:\/\/bestkitap.com\/tr\/#\/schema\/logo\/image\/","url":"https:\/\/bestkitap.com\/wp-content\/uploads\/2020\/07\/BestPublishing-Logo-1200x436-1-e1596306221301.png","contentUrl":"https:\/\/bestkitap.com\/wp-content\/uploads\/2020\/07\/BestPublishing-Logo-1200x436-1-e1596306221301.png","width":300,"height":109,"caption":"BEST PUBLISHING"},"image":{"@id":"https:\/\/bestkitap.com\/tr\/#\/schema\/logo\/image\/"},"sameAs":["https:\/\/www.facebook.com\/bestkitabevi","https:\/\/x.com\/bestkitabevi","https:\/\/www.instagram.com\/bestkitabevi\/","https:\/\/www.linkedin.com\/company\/bestpublishing\/"]}]}},"_links":{"self":[{"href":"https:\/\/bestkitap.com\/tr\/wp-json\/wp\/v2\/pages\/8662","targetHints":{"allow":["GET"]}}],"collection":[{"href":"https:\/\/bestkitap.com\/tr\/wp-json\/wp\/v2\/pages"}],"about":[{"href":"https:\/\/bestkitap.com\/tr\/wp-json\/wp\/v2\/types\/page"}],"author":[{"embeddable":true,"href":"https:\/\/bestkitap.com\/tr\/wp-json\/wp\/v2\/users\/1"}],"replies":[{"embeddable":true,"href":"https:\/\/bestkitap.com\/tr\/wp-json\/wp\/v2\/comments?post=8662"}],"version-history":[{"count":5,"href":"https:\/\/bestkitap.com\/tr\/wp-json\/wp\/v2\/pages\/8662\/revisions"}],"predecessor-version":[{"id":8678,"href":"https:\/\/bestkitap.com\/tr\/wp-json\/wp\/v2\/pages\/8662\/revisions\/8678"}],"wp:attachment":[{"href":"https:\/\/bestkitap.com\/tr\/wp-json\/wp\/v2\/media?parent=8662"}],"curies":[{"name":"wp","href":"https:\/\/api.w.org\/{rel}","templated":true}]}}