{"id":12057,"date":"2020-08-22T14:43:55","date_gmt":"2020-08-22T11:43:55","guid":{"rendered":"https:\/\/bestkitap.com\/product\/eyupsultan-kiz-anadolu-imam-hatip-lisesi\/"},"modified":"2023-10-02T12:00:04","modified_gmt":"2023-10-02T09:00:04","slug":"9sinifingilizce","status":"publish","type":"product","link":"https:\/\/bestkitap.com\/tr\/product\/9sinifingilizce\/","title":{"rendered":"9. SINIF \u0130ngilizce"},"content":{"rendered":"","protected":true},"excerpt":{"rendered":"","protected":true},"featured_media":3967,"template":"","meta":[],"product_brand":[],"product_cat":[262],"product_tag":[],"class_list":{"0":"post-12057","1":"product","2":"type-product","3":"status-publish","4":"post-password-required","6":"product_cat-schools-tr","8":"first","9":"instock","10":"shipping-taxable","11":"purchasable","12":"product-type-variable"},"yoast_head":"<!-- This site is optimized with the Yoast SEO plugin v26.7 - https:\/\/yoast.com\/wordpress\/plugins\/seo\/ -->\n<title>9. SINIF \u0130ngilizce - BEST PUBLISHING<\/title>\n<meta name=\"robots\" content=\"index, follow, max-snippet:-1, max-image-preview:large, max-video-preview:-1\" \/>\n<link rel=\"canonical\" href=\"https:\/\/bestkitap.com\/tr\/product\/9sinifingilizce\/\" \/>\n<meta property=\"og:locale\" content=\"tr_TR\" \/>\n<meta property=\"og:type\" content=\"article\" \/>\n<meta property=\"og:title\" content=\"9. SINIF \u0130ngilizce - BEST PUBLISHING\" \/>\n<meta property=\"og:description\" content=\"Burada al\u0131nt\u0131 yok \u00e7\u00fcnk\u00fc bu yaz\u0131 korumal\u0131.\" \/>\n<meta property=\"og:url\" content=\"https:\/\/bestkitap.com\/tr\/product\/9sinifingilizce\/\" \/>\n<meta property=\"og:site_name\" content=\"BEST PUBLISHING\" \/>\n<meta property=\"article:publisher\" content=\"https:\/\/www.facebook.com\/bestkitabevi\" \/>\n<meta property=\"article:modified_time\" content=\"2023-10-02T09:00:04+00:00\" \/>\n<meta name=\"twitter:card\" content=\"summary_large_image\" \/>\n<meta name=\"twitter:site\" content=\"@bestkitabevi\" \/>\n<script type=\"application\/ld+json\" class=\"yoast-schema-graph\">{\"@context\":\"https:\/\/schema.org\",\"@graph\":[{\"@type\":\"WebPage\",\"@id\":\"https:\/\/bestkitap.com\/tr\/product\/9sinifingilizce\/\",\"url\":\"https:\/\/bestkitap.com\/tr\/product\/9sinifingilizce\/\",\"name\":\"9. SINIF \u0130ngilizce - BEST PUBLISHING\",\"isPartOf\":{\"@id\":\"https:\/\/bestkitap.com\/tr\/#website\"},\"datePublished\":\"2020-08-22T11:43:55+00:00\",\"dateModified\":\"2023-10-02T09:00:04+00:00\",\"breadcrumb\":{\"@id\":\"https:\/\/bestkitap.com\/tr\/product\/9sinifingilizce\/#breadcrumb\"},\"inLanguage\":\"tr\"},{\"@type\":\"WebSite\",\"@id\":\"https:\/\/bestkitap.com\/tr\/#website\",\"url\":\"https:\/\/bestkitap.com\/tr\/\",\"name\":\"BEST PUBLISHING\",\"description\":\"Best Kitabevi | Ingilizce Kitap\",\"publisher\":{\"@id\":\"https:\/\/bestkitap.com\/tr\/#organization\"},\"potentialAction\":[{\"@type\":\"SearchAction\",\"target\":{\"@type\":\"EntryPoint\",\"urlTemplate\":\"https:\/\/bestkitap.com\/tr\/?s={search_term_string}\"},\"query-input\":{\"@type\":\"PropertyValueSpecification\",\"valueRequired\":true,\"valueName\":\"search_term_string\"}}],\"inLanguage\":\"tr\"},{\"@type\":\"Organization\",\"@id\":\"https:\/\/bestkitap.com\/tr\/#organization\",\"name\":\"BEST PUBLISHING\",\"url\":\"https:\/\/bestkitap.com\/tr\/\",\"logo\":{\"@type\":\"ImageObject\",\"inLanguage\":\"tr\",\"@id\":\"https:\/\/bestkitap.com\/tr\/#\/schema\/logo\/image\/\",\"url\":\"https:\/\/bestkitap.com\/wp-content\/uploads\/2020\/07\/BestPublishing-Logo-1200x436-1-e1596306221301.png\",\"contentUrl\":\"https:\/\/bestkitap.com\/wp-content\/uploads\/2020\/07\/BestPublishing-Logo-1200x436-1-e1596306221301.png\",\"width\":300,\"height\":109,\"caption\":\"BEST PUBLISHING\"},\"image\":{\"@id\":\"https:\/\/bestkitap.com\/tr\/#\/schema\/logo\/image\/\"},\"sameAs\":[\"https:\/\/www.facebook.com\/bestkitabevi\",\"https:\/\/x.com\/bestkitabevi\",\"https:\/\/www.instagram.com\/bestkitabevi\/\",\"https:\/\/www.linkedin.com\/company\/bestpublishing\/\"]}]}<\/script>\n<!-- \/ Yoast SEO plugin. -->","yoast_head_json":{"title":"9. SINIF \u0130ngilizce - BEST PUBLISHING","robots":{"index":"index","follow":"follow","max-snippet":"max-snippet:-1","max-image-preview":"max-image-preview:large","max-video-preview":"max-video-preview:-1"},"canonical":"https:\/\/bestkitap.com\/tr\/product\/9sinifingilizce\/","og_locale":"tr_TR","og_type":"article","og_title":"9. SINIF \u0130ngilizce - BEST PUBLISHING","og_description":"Burada al\u0131nt\u0131 yok \u00e7\u00fcnk\u00fc bu yaz\u0131 korumal\u0131.","og_url":"https:\/\/bestkitap.com\/tr\/product\/9sinifingilizce\/","og_site_name":"BEST PUBLISHING","article_publisher":"https:\/\/www.facebook.com\/bestkitabevi","article_modified_time":"2023-10-02T09:00:04+00:00","twitter_card":"summary_large_image","twitter_site":"@bestkitabevi","schema":{"@context":"https:\/\/schema.org","@graph":[{"@type":"WebPage","@id":"https:\/\/bestkitap.com\/tr\/product\/9sinifingilizce\/","url":"https:\/\/bestkitap.com\/tr\/product\/9sinifingilizce\/","name":"9. SINIF \u0130ngilizce - BEST PUBLISHING","isPartOf":{"@id":"https:\/\/bestkitap.com\/tr\/#website"},"datePublished":"2020-08-22T11:43:55+00:00","dateModified":"2023-10-02T09:00:04+00:00","breadcrumb":{"@id":"https:\/\/bestkitap.com\/tr\/product\/9sinifingilizce\/#breadcrumb"},"inLanguage":"tr"},{"@type":"WebSite","@id":"https:\/\/bestkitap.com\/tr\/#website","url":"https:\/\/bestkitap.com\/tr\/","name":"BEST PUBLISHING","description":"Best Kitabevi | Ingilizce Kitap","publisher":{"@id":"https:\/\/bestkitap.com\/tr\/#organization"},"potentialAction":[{"@type":"SearchAction","target":{"@type":"EntryPoint","urlTemplate":"https:\/\/bestkitap.com\/tr\/?s={search_term_string}"},"query-input":{"@type":"PropertyValueSpecification","valueRequired":true,"valueName":"search_term_string"}}],"inLanguage":"tr"},{"@type":"Organization","@id":"https:\/\/bestkitap.com\/tr\/#organization","name":"BEST PUBLISHING","url":"https:\/\/bestkitap.com\/tr\/","logo":{"@type":"ImageObject","inLanguage":"tr","@id":"https:\/\/bestkitap.com\/tr\/#\/schema\/logo\/image\/","url":"https:\/\/bestkitap.com\/wp-content\/uploads\/2020\/07\/BestPublishing-Logo-1200x436-1-e1596306221301.png","contentUrl":"https:\/\/bestkitap.com\/wp-content\/uploads\/2020\/07\/BestPublishing-Logo-1200x436-1-e1596306221301.png","width":300,"height":109,"caption":"BEST PUBLISHING"},"image":{"@id":"https:\/\/bestkitap.com\/tr\/#\/schema\/logo\/image\/"},"sameAs":["https:\/\/www.facebook.com\/bestkitabevi","https:\/\/x.com\/bestkitabevi","https:\/\/www.instagram.com\/bestkitabevi\/","https:\/\/www.linkedin.com\/company\/bestpublishing\/"]}]}},"_links":{"self":[{"href":"https:\/\/bestkitap.com\/tr\/wp-json\/wp\/v2\/product\/12057","targetHints":{"allow":["GET"]}}],"collection":[{"href":"https:\/\/bestkitap.com\/tr\/wp-json\/wp\/v2\/product"}],"about":[{"href":"https:\/\/bestkitap.com\/tr\/wp-json\/wp\/v2\/types\/product"}],"wp:featuredmedia":[{"embeddable":true,"href":"https:\/\/bestkitap.com\/tr\/wp-json\/wp\/v2\/media\/3967"}],"wp:attachment":[{"href":"https:\/\/bestkitap.com\/tr\/wp-json\/wp\/v2\/media?parent=12057"}],"wp:term":[{"taxonomy":"product_brand","embeddable":true,"href":"https:\/\/bestkitap.com\/tr\/wp-json\/wp\/v2\/product_brand?post=12057"},{"taxonomy":"product_cat","embeddable":true,"href":"https:\/\/bestkitap.com\/tr\/wp-json\/wp\/v2\/product_cat?post=12057"},{"taxonomy":"product_tag","embeddable":true,"href":"https:\/\/bestkitap.com\/tr\/wp-json\/wp\/v2\/product_tag?post=12057"}],"curies":[{"name":"wp","href":"https:\/\/api.w.org\/{rel}","templated":true}]}}